{"id":998,"date":"2019-06-22T20:03:58","date_gmt":"2019-06-22T18:03:58","guid":{"rendered":"http:\/\/multiplex-cs.de\/kontakt\/"},"modified":"2024-10-23T00:48:23","modified_gmt":"2024-10-22T22:48:23","slug":"kontakt","status":"publish","type":"page","link":"https:\/\/multiplex-cs.de\/fr\/kontakt\/","title":{"rendered":"Contact"},"content":{"rendered":"<section class=\"l-section wpb_row height_auto width_full\"><div class=\"l-section-h i-cf\"><div class=\"g-cols vc_row via_flex valign_top type_default stacking_default\"><div class=\"vc_col-sm-12 wpb_column vc_column_container\"><div class=\"vc_column-inner\"><div class=\"wpb_wrapper\"><div class=\"w-image align_none\"><div class=\"w-image-h\"><img decoding=\"async\" width=\"1920\" height=\"639\" data-src=\"https:\/\/multiplex-cs.de\/wp-content\/uploads\/2021\/04\/multiplex_40.jpg\" class=\"attachment-full size-full lazyload\" alt=\"\" data-srcset=\"https:\/\/multiplex-cs.de\/wp-content\/uploads\/2021\/04\/multiplex_40.jpg 1920w, https:\/\/multiplex-cs.de\/wp-content\/uploads\/2021\/04\/multiplex_40-300x100.jpg 300w, https:\/\/multiplex-cs.de\/wp-content\/uploads\/2021\/04\/multiplex_40-1024x341.jpg 1024w, https:\/\/multiplex-cs.de\/wp-content\/uploads\/2021\/04\/multiplex_40-800x266.jpg 800w\" data-sizes=\"auto, (max-width: 1920px) 100vw, 1920px\" src=\"data:image\/svg+xml;base64,PHN2ZyB3aWR0aD0iMSIgaGVpZ2h0PSIxIiB4bWxucz0iaHR0cDovL3d3dy53My5vcmcvMjAwMC9zdmciPjwvc3ZnPg==\" style=\"--smush-placeholder-width: 1920px; --smush-placeholder-aspect-ratio: 1920\/639;\" \/><\/div><\/div><\/div><\/div><\/div><\/div><\/div><\/section><section class=\"l-section wpb_row us_custom_4710efa6 has_text_color height_small\"><div class=\"l-section-overlay\" style=\"background:var(--color-header-middle-text-hover)\"><\/div><div class=\"l-section-h i-cf\"><div class=\"g-cols vc_row via_flex valign_top type_default stacking_default\"><div class=\"vc_col-sm-12 wpb_column vc_column_container\"><div class=\"vc_column-inner\"><div class=\"wpb_wrapper\"><div class=\"wpb_text_column\"><div class=\"wpb_wrapper\"><h1>N\u2019h\u00e9sitez pas \u00e0 nous contacter si vous avez des projets. Nous y r\u00e9pondrons volontiers.<\/h1>\n<\/div><\/div><\/div><\/div><\/div><\/div><\/div><\/section><section class=\"l-section wpb_row us_custom_4fb9e5a3 height_small\"><div class=\"l-section-h i-cf\"><div class=\"g-cols vc_row via_flex valign_top type_default stacking_default\"><div class=\"vc_col-sm-4 wpb_column vc_column_container\"><div class=\"vc_column-inner\"><div class=\"wpb_wrapper\"><div class=\"wpb_text_column\"><div class=\"wpb_wrapper\"><p><span style=\"color: #333333;\"><strong>MULTIPLEX Modellsport GmbH &amp; Co.KG<\/strong><\/span><br \/>\n<span style=\"color: #333333;\">Commercial Solutions<\/span><\/p>\n<\/div><\/div><\/div><\/div><\/div><div class=\"vc_col-sm-4 wpb_column vc_column_container\"><div class=\"vc_column-inner\"><div class=\"wpb_wrapper\"><div class=\"wpb_text_column\"><div class=\"wpb_wrapper\"><p><span style=\"color: #333333;\">Westliche Gewerbestr. 1<\/span><br \/>\n<span style=\"color: #333333;\">D-75015 Bretten \u2022 Germany<\/span><\/p>\n<\/div><\/div><\/div><\/div><\/div><div class=\"vc_col-sm-4 wpb_column vc_column_container\"><div class=\"vc_column-inner\"><div class=\"wpb_wrapper\"><div class=\"wpb_text_column\"><div class=\"wpb_wrapper\"><p><span style=\"color: #333333;\"><span lang=\"FR\">T\u00e9l<\/span>. +(49) (0) 7252 58093-0<\/span><br \/>\n<span style=\"color: #333333;\">Fax +(49) (0) 7252 58093-99<\/span><\/p>\n<\/div><\/div><\/div><\/div><\/div><\/div><\/div><\/section><section class=\"l-section wpb_row height_small\"><div class=\"l-section-h i-cf\"><div class=\"g-cols vc_row via_flex valign_top type_default stacking_default\"><div class=\"vc_col-sm-6 wpb_column vc_column_container\"><div class=\"vc_column-inner\"><div class=\"wpb_wrapper\"><div class=\"wpb_text_column\"><div class=\"wpb_wrapper\"><div id=\"quform-e00a8a\" class=\"quform quform-3 quform-support-page-caching\"><form id=\"quform-form-e00a8a\" class=\"quform-form quform-form-3\" action=\"\/fr\/wp-json\/wp\/v2\/pages\/998#quform-e00a8a\" method=\"post\" enctype=\"multipart\/form-data\" novalidate=\"novalidate\" data-options=\"{&quot;id&quot;:3,&quot;uniqueId&quot;:&quot;e00a8a&quot;,&quot;theme&quot;:&quot;&quot;,&quot;ajax&quot;:true,&quot;logic&quot;:{&quot;logic&quot;:[],&quot;dependents&quot;:[],&quot;elementIds&quot;:[],&quot;dependentElementIds&quot;:[],&quot;animate&quot;:true},&quot;currentPageId&quot;:1,&quot;errorsIcon&quot;:&quot;&quot;,&quot;updateFancybox&quot;:true,&quot;hasPages&quot;:false,&quot;pages&quot;:[1],&quot;pageProgressType&quot;:&quot;numbers&quot;,&quot;tooltipsEnabled&quot;:false,&quot;tooltipClasses&quot;:&quot;qtip-quform-dark qtip-shadow&quot;,&quot;tooltipMy&quot;:&quot;left center&quot;,&quot;tooltipAt&quot;:&quot;right center&quot;,&quot;isRtl&quot;:false,&quot;scrollOffset&quot;:-50,&quot;scrollSpeed&quot;:800}\"><button class=\"quform-default-submit\" name=\"quform_submit\" type=\"submit\" value=\"submit\" aria-hidden=\"true\" tabindex=\"-1\"><\/button><div class=\"quform-form-inner quform-form-inner-3\"><input type=\"hidden\" name=\"quform_form_id\" value=\"3\" \/><input type=\"hidden\" name=\"quform_form_uid\" value=\"e00a8a\" \/><input type=\"hidden\" name=\"quform_count\" value=\"1\" \/><input type=\"hidden\" name=\"form_url\" value=\"https:\/\/multiplex-cs.de\/fr\/wp-json\/wp\/v2\/pages\/998\" \/><input type=\"hidden\" name=\"referring_url\" value=\"\" \/><input type=\"hidden\" name=\"post_id\" value=\"\" \/><input type=\"hidden\" name=\"post_title\" value=\"\" \/><input type=\"hidden\" name=\"quform_current_page_id\" value=\"1\" \/><input type=\"hidden\" name=\"quform_loaded\" value=\"1777794926|8cb2b67711bee68ac5e39743ebe1df17\" \/><input type=\"hidden\" name=\"quform_csrf_token\" value=\"JoRmEQK4awi9WUS860bwln8YOdaXtIOJADCY7ZVa\" \/><div class=\"quform-elements quform-elements-3 quform-cf quform-responsive-elements-phone-landscape\"><div class=\"quform-element quform-element-page quform-page-1 quform-page-3_1 quform-cf quform-group-style-plain quform-first-page quform-last-page quform-current-page\"><div class=\"quform-child-elements\"><div class=\"quform-element quform-element-textarea quform-element-3_607620 quform-sr-only quform-cf\" style=\"clip: rect(1px, 1px, 1px, 1px); clip-path: inset(50%); position: absolute !important; height: 1px; width: 1px; overflow: hidden;\"><div class=\"quform-spacer\"><div class=\"quform-label quform-label-3_607620\"><label class=\"quform-label-text\" for=\"quform_3_607620_e00a8a\">Phone Number<span class=\"quform-required\">*<\/span><\/label><\/div><div class=\"quform-inner quform-inner-3_607620\"><textarea id=\"quform_3_607620_e00a8a\" name=\"quform_3_607620\" class=\"quform-field quform-field-textarea quform-field-3_607620\" tabindex=\"-1\" autocomplete=\"new-password\"><\/textarea><\/div><\/div><\/div><div class=\"quform-element quform-element-text quform-element-3_3 quform-cf quform-element-required\"><div class=\"quform-spacer\"><div class=\"quform-label quform-label-3_3\"><label class=\"quform-label-text\" for=\"quform_3_3_e00a8a\">Nom<span class=\"quform-required\">*<\/span><\/label><\/div><div class=\"quform-inner quform-inner-text quform-inner-3_3\"><div class=\"quform-input quform-input-text quform-input-3_3 quform-cf\"><input type=\"text\" id=\"quform_3_3_e00a8a\" name=\"quform_3_3\" class=\"quform-field quform-field-text quform-field-3_3\" \/><\/div><\/div><\/div><\/div><div class=\"quform-element quform-element-email quform-element-3_4 quform-cf quform-element-required\"><div class=\"quform-spacer\"><div class=\"quform-label quform-label-3_4\"><label class=\"quform-label-text\" for=\"quform_3_4_e00a8a\">Adresse e-mail<span class=\"quform-required\">*<\/span><\/label><\/div><div class=\"quform-inner quform-inner-email quform-inner-3_4\"><div class=\"quform-input quform-input-email quform-input-3_4 quform-cf\"><input type=\"email\" id=\"quform_3_4_e00a8a\" name=\"quform_3_4\" class=\"quform-field quform-field-email quform-field-3_4\" \/><\/div><\/div><\/div><\/div><div class=\"quform-element quform-element-textarea quform-element-3_5 quform-cf quform-element-optional\"><div class=\"quform-spacer\"><div class=\"quform-label quform-label-3_5\"><label class=\"quform-label-text\" for=\"quform_3_5_e00a8a\">Un message<\/label><\/div><div class=\"quform-inner quform-inner-textarea quform-inner-3_5\"><div class=\"quform-input quform-input-textarea quform-input-3_5 quform-cf\"><textarea id=\"quform_3_5_e00a8a\" name=\"quform_3_5\" class=\"quform-field quform-field-textarea quform-field-3_5\"><\/textarea><\/div><\/div><\/div><\/div><div class=\"quform-element quform-element-captcha quform-element-3_7 quform-cf quform-element-required\"><div class=\"quform-spacer\"><div class=\"quform-label quform-label-3_7\"><label class=\"quform-label-text\" for=\"quform_3_7_e00a8a\">Veuillez saisir les caract\u00e8res ci-dessous<span class=\"quform-required\">*<\/span><\/label><\/div><div class=\"quform-inner quform-inner-captcha quform-inner-3_7\"><div class=\"quform-input quform-input-captcha quform-input-3_7 quform-cf\"><input type=\"text\" id=\"quform_3_7_e00a8a\" name=\"quform_3_7\" class=\"quform-field quform-field-captcha quform-field-3_7\" \/><\/div><div class=\"quform-captcha quform-cf\"><div class=\"quform-captcha-image quform-captcha-image-3_7\"><img decoding=\"async\" class=\"quform-captcha-image-img\" src=\"data:image\/png;base64,iVBORw0KGgoAAAANSUhEUgAAAOYAAABQBAMAAAD\/1xTgAAAAG1BMVEX\/\/\/8iIiLj4+OQkJA9PT2srKzHx8dZWVl0dHQJgKQ9AAAACXBIWXMAAA7EAAAOxAGVKw4bAAADTElEQVRoge1YTVPbMBB1FH\/k2AVDONq0lB6bDikcERNKjnVnWq42UzocG6DAMe4MhZ9drSLba1vBxkx8we\/AIKHVk1a7b9cYRocOHTp06PDKwPYnd167lPYMADbb5QwEJbitUtog4bXJaQIcRy1zBjA0HDhuk9KIYc0wfrVKaczgTbuELXLuHFzfJL\/HsLlzPV8x4fkBx+RIhgG4K5YE64Ev8jEVgQhHG6vknIGCuhmL5ej3KjkXhBOA+WJs4nD4aZWUhvDsyTj0U9f6K78l+vajZF5TYwemkA4IWPgCkrd5v41QWAcAX5OJM3EMTQRFcPWtMLUtLN+f1aBkPF+lAgjxx1Zuali2GwmXTylrn4OLlXbqVXJa5EqISAxF9TokU36Wq3lOkO+g0BPDGQn4Z3D6Yp93APfER05hicRApvFhMBx7amIR8GI6rKC0z3jecY7YXx73bzrVTxOHguGqOYrHvWIVN73BRqYqymPgl\/mtxnh1RHq3gqsz0\/VHD4hI9WSCmbooz0G4Yr04J3zpcvouXPtGAW6+JyUj4cRl\/UqdvOBlTuvks1R2eiONaSQvJN4+CfKeLHqWdnEOgyVxRmMr0nZ9vrSMYbh\/mXAe1uM0l1VkngVOT9uBmehEmwhjbU6\/GGb2wyLpSPwNdMkinn0did30OLU5I5rXiFiFBOEUfp7v\/CtaDvAdR+RpanOOClewVLVmNClFaJbd2xeHs+mqJIa2jArMCnsJP8pWNic+PJevCrbse0l0mXU5iyHpKO2Ksz9YslXI3k2BiRXUtYrTruRkxRXinluewfaIJsRLWgUAllP5upylF8cvIveW05rBiaZSzGA3V+WE6m0b9jkMv2uinKAsCbHqwTbIzDTU2cYQw1F2WPnoc17dJTolSegvKIWDE1hLaj+W0OwwjjQ7gmrOXrlkfMCjXnnltQQXmK0B0KfrgzuZnISnt3ePj0\/7NtKURnb+42lGJcaRvsY9Cey+Ap2qVcKUbEGDD2HsvuJG388+Kjvjz\/+iEFnhsWb\/mxCcIRtBUarrcLrGbrUg66A6iQa2MpWOqteVwXix06yLnwDVjaEeu2j6pYnlPu0on4dTgD\/NLJnXkPJFph06dOjQoUOHDq8R\/wEOQHfbEamOFgAAAABJRU5ErkJggg==\" alt=\"Image CAPTCHA\" data-element-id=\"7\" width=\"115\" height=\"40\" \/><\/div><\/div><p class=\"quform-description quform-description-below\">Cela nous aide \u00e0 pr\u00e9venir les  spams. Merci.<\/p><\/div><\/div><\/div><div class=\"quform-element quform-element-submit quform-element-3_2 quform-cf quform-button-style-theme\"><div class=\"quform-button-submit quform-button-submit-default quform-button-submit-3_2\"><button name=\"quform_submit\" type=\"submit\" class=\"quform-submit\" value=\"submit\"><span class=\"quform-button-text quform-button-submit-text\">envoyer<\/span><\/button><\/div><div class=\"quform-loading quform-loading-position-left quform-loading-type-spinner-1\"><div class=\"quform-loading-inner\"><div class=\"quform-loading-spinner\"><div class=\"quform-loading-spinner-inner\"><\/div><\/div><\/div><\/div><\/div><\/div><\/div><\/div><\/div><\/form><\/div>\n<\/div><\/div><div class=\"w-separator size_small\"><\/div><\/div><\/div><\/div><div class=\"vc_col-sm-6 wpb_column vc_column_container\"><div class=\"vc_column-inner\"><div class=\"wpb_wrapper\"><div class=\"w-separator size_small\"><\/div><div class=\"w-image align_none\"><a ref=\"magnificPopup\" href=\"https:\/\/multiplex-cs.de\/wp-content\/uploads\/2019\/07\/firma-multiplex-deutschland.jpg\" aria-label=\"firma-multiplex-deutschland\" class=\"w-image-h\"><img decoding=\"async\" width=\"1024\" height=\"726\" data-src=\"https:\/\/multiplex-cs.de\/wp-content\/uploads\/2019\/07\/firma-multiplex-deutschland-1024x726.jpg\" class=\"attachment-large size-large lazyload\" alt=\"Luftaufnahme des Multiplex Firmengeb\u00e4udes\" data-srcset=\"https:\/\/multiplex-cs.de\/wp-content\/uploads\/2019\/07\/firma-multiplex-deutschland-1024x726.jpg 1024w, https:\/\/multiplex-cs.de\/wp-content\/uploads\/2019\/07\/firma-multiplex-deutschland-300x213.jpg 300w, https:\/\/multiplex-cs.de\/wp-content\/uploads\/2019\/07\/firma-multiplex-deutschland.jpg 1200w\" data-sizes=\"auto, (max-width: 1024px) 100vw, 1024px\" src=\"data:image\/svg+xml;base64,PHN2ZyB3aWR0aD0iMSIgaGVpZ2h0PSIxIiB4bWxucz0iaHR0cDovL3d3dy53My5vcmcvMjAwMC9zdmciPjwvc3ZnPg==\" style=\"--smush-placeholder-width: 1024px; --smush-placeholder-aspect-ratio: 1024\/726;\" \/><\/a><\/div><div class=\"w-separator size_small\"><\/div><div class=\"wpb_text_column\"><div class=\"wpb_wrapper\"><p><span style=\"color: #333333;\">Visitez aussi:<\/span><\/p>\n<p><span style=\"color: #333333;\"><strong>Multiplex RC \/ Hobby :<\/strong><\/span><br \/>\n<span style=\"color: #333333;\"><a style=\"color: #333333;\" href=\"http:\/\/www.multiplex-rc.de\">www.multiplex-rc.de<\/a><\/span><br \/>\n<span style=\"color: #333333;\"><strong>HiTEC USA :<\/strong><\/span><br \/>\n<span style=\"color: #333333;\"><a style=\"color: #333333;\" href=\"https:\/\/www.hiteccs.com\">https:\/\/www.hiteccs.com<\/a><\/span><br \/>\n<span style=\"color: #333333;\"><strong>HiTEC Cor\u00e9e Sud :<\/strong><\/span><br \/>\n<span style=\"color: #333333;\"><a style=\"color: #333333;\" href=\"http:\/\/www.hitecrcd.co.kr\/\">http:\/\/www.hitecrcd.co.kr\/<\/a><\/span><\/p>\n<\/div><\/div><\/div><\/div><\/div><\/div><\/div><\/section>","protected":false},"excerpt":{"rendered":"N\u2019h\u00e9sitez pas \u00e0 nous contacter si vous avez des projets. Nous y r\u00e9pondrons volontiers. MULTIPLEX Modellsport GmbH &amp; Co.KG Commercial Solutions Westliche Gewerbestr. 1 D-75015 Bretten \u2022 Germany T\u00e9l. +(49) (0) 7252 58093-0 Fax +(49) (0) 7252 58093-99 Nom*Your Website*Adresse e-mail*Un messageVeuillez saisir les caract\u00e8res ci-dessous*Cela nous aide \u00e0 pr\u00e9venir les spams. Merci.envoyer Visitez aussi:...","protected":false},"author":5,"featured_media":0,"parent":0,"menu_order":4,"comment_status":"closed","ping_status":"closed","template":"","meta":{"_acf_changed":false,"footnotes":""},"class_list":["post-998","page","type-page","status-publish","hentry"],"acf":[],"_links":{"self":[{"href":"https:\/\/multiplex-cs.de\/fr\/wp-json\/wp\/v2\/pages\/998","targetHints":{"allow":["GET"]}}],"collection":[{"href":"https:\/\/multiplex-cs.de\/fr\/wp-json\/wp\/v2\/pages"}],"about":[{"href":"https:\/\/multiplex-cs.de\/fr\/wp-json\/wp\/v2\/types\/page"}],"author":[{"embeddable":true,"href":"https:\/\/multiplex-cs.de\/fr\/wp-json\/wp\/v2\/users\/5"}],"replies":[{"embeddable":true,"href":"https:\/\/multiplex-cs.de\/fr\/wp-json\/wp\/v2\/comments?post=998"}],"version-history":[{"count":5,"href":"https:\/\/multiplex-cs.de\/fr\/wp-json\/wp\/v2\/pages\/998\/revisions"}],"predecessor-version":[{"id":2642,"href":"https:\/\/multiplex-cs.de\/fr\/wp-json\/wp\/v2\/pages\/998\/revisions\/2642"}],"wp:attachment":[{"href":"https:\/\/multiplex-cs.de\/fr\/wp-json\/wp\/v2\/media?parent=998"}],"curies":[{"name":"wp","href":"https:\/\/api.w.org\/{rel}","templated":true}]}}