{"id":960,"date":"2019-06-22T20:03:16","date_gmt":"2019-06-22T18:03:16","guid":{"rendered":"http:\/\/multiplex-cs.de\/ueber-uns\/"},"modified":"2025-12-03T13:51:25","modified_gmt":"2025-12-03T12:51:25","slug":"ueber-uns","status":"publish","type":"page","link":"https:\/\/multiplex-cs.de\/fr\/ueber-uns\/","title":{"rendered":"Qui sommes-nous ?"},"content":{"rendered":"<section class=\"l-section wpb_row height_auto width_full\"><div class=\"l-section-h i-cf\"><div class=\"g-cols vc_row via_flex valign_top type_default stacking_default\"><div class=\"vc_col-sm-12 wpb_column vc_column_container\"><div class=\"vc_column-inner\"><div class=\"wpb_wrapper\"><div class=\"w-image align_none\"><div class=\"w-image-h\"><img decoding=\"async\" width=\"1920\" height=\"639\" data-src=\"https:\/\/multiplex-cs.de\/wp-content\/uploads\/2021\/04\/multiplex_45_engl.jpg\" class=\"attachment-full size-full lazyload\" alt=\"\" data-srcset=\"https:\/\/multiplex-cs.de\/wp-content\/uploads\/2021\/04\/multiplex_45_engl.jpg 1920w, https:\/\/multiplex-cs.de\/wp-content\/uploads\/2021\/04\/multiplex_45_engl-300x100.jpg 300w, https:\/\/multiplex-cs.de\/wp-content\/uploads\/2021\/04\/multiplex_45_engl-1024x341.jpg 1024w, https:\/\/multiplex-cs.de\/wp-content\/uploads\/2021\/04\/multiplex_45_engl-800x266.jpg 800w\" data-sizes=\"auto, (max-width: 1920px) 100vw, 1920px\" src=\"data:image\/svg+xml;base64,PHN2ZyB3aWR0aD0iMSIgaGVpZ2h0PSIxIiB4bWxucz0iaHR0cDovL3d3dy53My5vcmcvMjAwMC9zdmciPjwvc3ZnPg==\" style=\"--smush-placeholder-width: 1920px; --smush-placeholder-aspect-ratio: 1920\/639;\" \/><\/div><\/div><\/div><\/div><\/div><\/div><\/div><\/section><section class=\"l-section wpb_row height_small\"><div class=\"l-section-h i-cf\"><div class=\"g-cols vc_row via_flex valign_top type_default stacking_default\"><div class=\"vc_col-sm-6 wpb_column vc_column_container\"><div class=\"vc_column-inner\"><div class=\"wpb_wrapper\"><div class=\"wpb_text_column\"><div class=\"wpb_wrapper\"><p><span style=\"color: #333333;\">La soci\u00e9t\u00e9 Multiplex Modellsport GmbH &amp; Co KG est bas\u00e9e \u00e0 Bretten, dans le sud-ouest de l&rsquo;Allemagne et emploie actuellement environ 40 collaborateurs. Siegfried Kussmaul fonde en mai 1958 la soci\u00e9t\u00e9 &lsquo;S. Kussmaul ing.&rsquo; qui deviendra plus tard &lsquo;Multiplex&rsquo;. L&rsquo;entreprise s&rsquo;est d\u00e9velopp\u00e9e d\u00e8s son origine dans les technologies des radiocommandes, et \u00e0 partir de 1970 s&rsquo;est diversifi\u00e9e dans la construction de mod\u00e8les r\u00e9duits d&rsquo;avions.<\/span><\/p>\n<p><span style=\"color: #333333;\">En 2002, la soci\u00e9t\u00e9 int\u00e8gre le groupe Hitec avec cinq sites suppl\u00e9mentaires dans le monde:<\/span><\/p>\n<p><span style=\"color: #333333;\">&#8211; Hitec RCD (Cor\u00e9e)<\/span><br \/>\n<span style=\"color: #333333;\">&#8211; Hitec Group USA (Etats-Unis)<\/span><br \/>\n<span style=\"color: #333333;\">&#8211; Hitec Multiplex (Japon)<\/span><br \/>\n<span style=\"color: #333333;\">&#8211; Hitec RCD (Philippines)<\/span><\/p>\n<p><span style=\"color: #333333;\">Autour du service de recherche et d\u00e9veloppement, le site de Bretten abrite \u00e9galement les d\u00e9partements d\u2019assemblage, d\u2019entreposage, d\u2019emballage, d\u2019exp\u00e9dition et le service commercial de l\u2019entreprise. Pour les produits Hitec, nous agissons en tant que distributeur, essentiellement sur la zone Europe.<\/span><\/p>\n<p><span style=\"color: #333333;\">Multiplex Modellsport GmbH &amp; Co. KG, Hitec RCD Korea Inc. et Hitec RCD Philippines Inc. sont certifi\u00e9s ISO 9001:2015. <\/span><br \/>\n<span style=\"color: #333333;\">Le site de production aux Philippines est \u00e9galement certifi\u00e9 ISO 14001:2015.<\/span><\/p>\n<p><span style=\"color: #333333;\">Nos fournisseurs sont r\u00e9partis dans le monde entier, avec une priorit\u00e9 r\u00e9gionale et qualitative.<\/span><\/p>\n<\/div><\/div><\/div><\/div><\/div><div class=\"vc_col-sm-6 wpb_column vc_column_container\"><div class=\"vc_column-inner\"><div class=\"wpb_wrapper\"><div class=\"w-image align_none\"><a ref=\"magnificPopup\" href=\"https:\/\/multiplex-cs.de\/wp-content\/uploads\/2025\/12\/QM_22118-Z04731_fr.jpg\" aria-label=\"QM_22118-Z04731_fr\" class=\"w-image-h\"><img decoding=\"async\" width=\"1414\" height=\"2000\" data-src=\"https:\/\/multiplex-cs.de\/wp-content\/uploads\/2025\/12\/QM_22118-Z04731_fr.jpg\" class=\"attachment-full size-full lazyload\" alt=\"\" data-srcset=\"https:\/\/multiplex-cs.de\/wp-content\/uploads\/2025\/12\/QM_22118-Z04731_fr.jpg 1414w, https:\/\/multiplex-cs.de\/wp-content\/uploads\/2025\/12\/QM_22118-Z04731_fr-212x300.jpg 212w, https:\/\/multiplex-cs.de\/wp-content\/uploads\/2025\/12\/QM_22118-Z04731_fr-724x1024.jpg 724w, https:\/\/multiplex-cs.de\/wp-content\/uploads\/2025\/12\/QM_22118-Z04731_fr-566x800.jpg 566w\" data-sizes=\"auto, (max-width: 1414px) 100vw, 1414px\" src=\"data:image\/svg+xml;base64,PHN2ZyB3aWR0aD0iMSIgaGVpZ2h0PSIxIiB4bWxucz0iaHR0cDovL3d3dy53My5vcmcvMjAwMC9zdmciPjwvc3ZnPg==\" style=\"--smush-placeholder-width: 1414px; --smush-placeholder-aspect-ratio: 1414\/2000;\" \/><\/a><\/div><\/div><\/div><\/div><div class=\"vc_col-sm-12 wpb_column vc_column_container\"><div class=\"vc_column-inner\"><div class=\"wpb_wrapper\"><div class=\"w-separator size_small\"><\/div><\/div><\/div><\/div><div class=\"vc_col-sm-12 wpb_column vc_column_container\"><div class=\"vc_column-inner\"><div class=\"wpb_wrapper\"><div class=\"wpb_text_column\"><div class=\"wpb_wrapper\"><p><span style=\"color: #333333;\">Les assemblages \u00e9lectroniques sont de pr\u00e9f\u00e9rence effectu\u00e9s en Allemagne. Il en est de m\u00eame pour la construction de moules, la production de pi\u00e8ces en plastique et de composants en mousse de particules.<\/span><\/p>\n<p><span style=\"color: #333333;\">Multiplex Modellsport GmbH &amp; Co. KG est une entreprise leader dans le d\u00e9veloppement et la fabrication d\u2019avions en mousse de particules telles que EPP ou ELAPOR\u00ae depuis plus de deux d\u00e9cennies. L\u2019entreprise a d\u00e9velopp\u00e9 avec succ\u00e8s ce savoir-faire sp\u00e9cifique dans le monde de l\u2019a\u00e9romod\u00e9lisme, et le prolonge aujourd\u2019hui avec de solides partenariats dans le secteur des drones.<\/span><\/p>\n<p><span style=\"color: #333333;\">Les activit\u00e9s de l&rsquo;entreprise reposent sur deux domaines principaux :<\/span><\/p>\n<p><span style=\"color: #333333;\">&#8211; Le mod\u00e9lisme de loisir, avec tous les composants tels que les syst\u00e8mes de propulsion, les a\u00e9romod\u00e8les, les technologies de contr\u00f4le \u00e0 distance et les accessoires, qui constitue le coeur de l&rsquo;activit\u00e9 de l&rsquo;entreprise.<\/span><\/p>\n<p><span style=\"color: #333333;\">&#8211; Le secteur industriel, \u00ab\u00a0Commercial Solutions\u00a0\u00bb, avec des produits pour l&rsquo;automatisation, la robotique et les applications li\u00e9es \u00e0 l&rsquo;industrie.<\/span><\/p>\n<p><span style=\"color: #333333;\">Ce secteur int\u00e8gre l&rsquo;ensemble des gammes UAV\/UAS et nous sommes un fournisseur reconnu d&rsquo;actionneurs, d&rsquo;ensembles de motorisation et de composants en plastique ou en mousse de particules.<\/span><\/p>\n<p><span style=\"color: #333333;\">Avec BeastTX, nous proposons un syst\u00e8me de t\u00e9l\u00e9commande haute-performance extraordianairement flexible.<\/span><\/p>\n<p><span style=\"color: #333333;\">Nous proposons notre savoir-faire dans l\u2019adaptation des produits de s\u00e9rie aux besoins sp\u00e9cifiques des clients industriels. Cette logique d\u2019excellence et d\u2019adaptativit\u00e9 s\u2019applique \u00e0 l\u2019ensemble des gammes du groupe Hitec. Nous nous r\u00e9jouissons de votre demande.<\/span><\/p>\n<\/div><\/div><\/div><\/div><\/div><\/div><\/div><\/section><section class=\"l-section wpb_row height_auto\"><div class=\"l-section-h i-cf\"><div class=\"g-cols vc_row via_flex valign_top type_default stacking_default\"><div class=\"vc_col-sm-12 wpb_column vc_column_container has_bg_color\"><div class=\"vc_column-inner us_custom_3fc71490\"><div class=\"wpb_wrapper\"><div class=\"wpb_text_column\"><div class=\"wpb_wrapper\"><h3><strong>Sites MULTIPLEX et HiTEC<\/strong><\/h3>\n<\/div><\/div><div class=\"g-cols wpb_row via_flex valign_top type_default stacking_default\"><div class=\"vc_col-sm-6 wpb_column vc_column_container\"><div class=\"vc_column-inner\"><div class=\"wpb_wrapper\"><div class=\"wpb_text_column\"><div class=\"wpb_wrapper\">\n<table id=\"tablepress-105\" class=\"tablepress tablepress-id-105\">\n<tbody>\n<tr class=\"row-1\">\n\t<td class=\"column-1\"><img decoding=\"async\" data-src=\"https:\/\/multiplex-cs.de\/wp-content\/uploads\/2019\/07\/deutsch.png\" alt=\"Deutsche Fahne\" width=\"55\" height=\"37\" class=\"alignright size-full wp-image-120 lazyload\" src=\"data:image\/svg+xml;base64,PHN2ZyB3aWR0aD0iMSIgaGVpZ2h0PSIxIiB4bWxucz0iaHR0cDovL3d3dy53My5vcmcvMjAwMC9zdmciPjwvc3ZnPg==\" style=\"--smush-placeholder-width: 55px; --smush-placeholder-aspect-ratio: 55\/37;\" \/><\/td><td class=\"column-2\"><strong>MULTIPLEX Modellsport GmbH &amp; Co.KG<\/strong><br \/>\nService commercial Europe || Centre de Recherche et de D\u00e9veloppement<\/td>\n<\/tr>\n<tr class=\"row-2\">\n\t<td class=\"column-1\"><img decoding=\"async\" data-src=\"https:\/\/multiplex-cs.de\/wp-content\/uploads\/2019\/07\/usa.png\" alt=\"Amerikanische Fahne\" width=\"55\" height=\"37\" class=\"alignright size-full wp-image-120 lazyload\" src=\"data:image\/svg+xml;base64,PHN2ZyB3aWR0aD0iMSIgaGVpZ2h0PSIxIiB4bWxucz0iaHR0cDovL3d3dy53My5vcmcvMjAwMC9zdmciPjwvc3ZnPg==\" style=\"--smush-placeholder-width: 55px; --smush-placeholder-aspect-ratio: 55\/37;\" \/><\/td><td class=\"column-2\"><strong>Hitec Commercial Solutions, LLC. <br \/>\nSan Diego, USA<\/strong><br \/>\nService commercial Am\u00e9rique du Nord et Am\u00e9rique du Sud<\/td>\n<\/tr>\n<tr class=\"row-3\">\n\t<td class=\"column-1\"><img decoding=\"async\" data-src=\"https:\/\/multiplex-cs.de\/wp-content\/uploads\/2019\/07\/japan.png\" alt=\"Japanische Fahne\" width=\"55\" height=\"37\" class=\"alignright size-full wp-image-120 lazyload\" src=\"data:image\/svg+xml;base64,PHN2ZyB3aWR0aD0iMSIgaGVpZ2h0PSIxIiB4bWxucz0iaHR0cDovL3d3dy53My5vcmcvMjAwMC9zdmciPjwvc3ZnPg==\" style=\"--smush-placeholder-width: 55px; --smush-placeholder-aspect-ratio: 55\/37;\" \/><\/td><td class=\"column-2\"><strong>HiTEC MULTIPLEX Japan Tokyo, Japan<\/strong><br \/>\nService commercial Japon<\/td>\n<\/tr>\n<\/tbody>\n<\/table>\n<!-- #tablepress-105 from cache -->\n<\/div><\/div><\/div><\/div><\/div><div class=\"vc_col-sm-6 wpb_column vc_column_container\"><div class=\"vc_column-inner\"><div class=\"wpb_wrapper\"><div class=\"wpb_text_column\"><div class=\"wpb_wrapper\">\n<table id=\"tablepress-106\" class=\"tablepress tablepress-id-106\">\n<tbody>\n<tr class=\"row-1\">\n\t<td class=\"column-1\"><img decoding=\"async\" data-src=\"https:\/\/multiplex-cs.de\/wp-content\/uploads\/2019\/07\/korea.png\" alt=\"Koreanische Fahne\" width=\"55\" height=\"37\" class=\"alignright size-full wp-image-120 lazyload\" src=\"data:image\/svg+xml;base64,PHN2ZyB3aWR0aD0iMSIgaGVpZ2h0PSIxIiB4bWxucz0iaHR0cDovL3d3dy53My5vcmcvMjAwMC9zdmciPjwvc3ZnPg==\" style=\"--smush-placeholder-width: 55px; --smush-placeholder-aspect-ratio: 55\/37;\" \/><\/td><td class=\"column-2\"><strong>HiTEC RCD Korea Inc. Ochang, Korea<\/strong><br \/>\nSi\u00e8ge de la soci\u00e9t\u00e9 || Recherche et D\u00e9veloppement<\/td>\n<\/tr>\n<tr class=\"row-2\">\n\t<td class=\"column-1\"><img decoding=\"async\" data-src=\"https:\/\/multiplex-cs.de\/wp-content\/uploads\/2019\/07\/phillipinen.png\" alt=\"Phillipineische Fahne\" width=\"55\" height=\"37\" class=\"alignright size-full wp-image-120 lazyload\" src=\"data:image\/svg+xml;base64,PHN2ZyB3aWR0aD0iMSIgaGVpZ2h0PSIxIiB4bWxucz0iaHR0cDovL3d3dy53My5vcmcvMjAwMC9zdmciPjwvc3ZnPg==\" style=\"--smush-placeholder-width: 55px; --smush-placeholder-aspect-ratio: 55\/37;\" \/><\/td><td class=\"column-2\"><strong>HiTEC RCD Philippines Inc. Cavite, Philippines<\/strong><br \/>\nSite de production || Logistique<\/td>\n<\/tr>\n<tr class=\"row-3\">\n\t<td class=\"column-1\"><\/td><td class=\"column-2\"><\/td>\n<\/tr>\n<\/tbody>\n<\/table>\n<!-- #tablepress-106 from cache -->\n<\/div><\/div><\/div><\/div><\/div><\/div><\/div><\/div><\/div><\/div><\/div><\/section><section class=\"l-section wpb_row us_custom_926b652c height_auto width_full\"><div class=\"l-section-h i-cf\"><div class=\"g-cols vc_row via_flex valign_top type_default stacking_default\"><div class=\"vc_col-sm-12 wpb_column vc_column_container\"><div class=\"vc_column-inner\"><div class=\"wpb_wrapper\"><div class=\"w-separator us_custom_672923aa size_custom\" style=\"height:8px\"><\/div><\/div><\/div><\/div><\/div><\/div><\/section><section class=\"l-section wpb_row us_custom_eb849559 height_small with_img\"><div class=\"l-section-img lazyload\" role=\"img\" aria-label=\"Image\" data-img-width=\"2000\" data-img-height=\"328\" style=\"background-image:inherit;background-position: top left;background-repeat: no-repeat;\" data-bg-image=\"url(https:\/\/multiplex-cs.de\/wp-content\/uploads\/2019\/07\/footer-bg_lang_hell.jpg)\"><\/div><div class=\"l-section-h i-cf\"><div class=\"g-cols vc_row via_flex valign_middle type_default stacking_default\"><div class=\"vc_col-sm-6 wpb_column vc_column_container stretched\"><div class=\"vc_column-inner us_custom_eb849559\"><div class=\"wpb_wrapper\"><div class=\"w-btn-wrapper align_center\"><a class=\"w-btn us-btn-style_2 us_custom_eb849559\" title=\"Kontakt\" href=\"http:\/\/multiplex-cs.de\/kontakt\/\"><span class=\"w-btn-label\">Nous r\u00e9pondrons tr\u00e8s volontiers \u00e0 toutes vos demandes et vous remercions de l\u2019int\u00e9r\u00eat que vous nous t\u00e9moignez !<\/span><\/a><\/div><\/div><\/div><\/div><\/div><\/div><\/section>","protected":false},"excerpt":{"rendered":"La soci\u00e9t\u00e9 Multiplex Modellsport GmbH &amp; Co KG est bas\u00e9e \u00e0 Bretten, dans le sud-ouest de l&rsquo;Allemagne et emploie actuellement environ 40 collaborateurs. Siegfried Kussmaul fonde en mai 1958 la soci\u00e9t\u00e9 &lsquo;S. Kussmaul ing.&rsquo; qui deviendra plus tard &lsquo;Multiplex&rsquo;. L&rsquo;entreprise s&rsquo;est d\u00e9velopp\u00e9e d\u00e8s son origine dans les technologies des radiocommandes, et \u00e0 partir de 1970...","protected":false},"author":5,"featured_media":0,"parent":0,"menu_order":2,"comment_status":"closed","ping_status":"closed","template":"","meta":{"_acf_changed":false,"footnotes":""},"class_list":["post-960","page","type-page","status-publish","hentry"],"acf":[],"_links":{"self":[{"href":"https:\/\/multiplex-cs.de\/fr\/wp-json\/wp\/v2\/pages\/960","targetHints":{"allow":["GET"]}}],"collection":[{"href":"https:\/\/multiplex-cs.de\/fr\/wp-json\/wp\/v2\/pages"}],"about":[{"href":"https:\/\/multiplex-cs.de\/fr\/wp-json\/wp\/v2\/types\/page"}],"author":[{"embeddable":true,"href":"https:\/\/multiplex-cs.de\/fr\/wp-json\/wp\/v2\/users\/5"}],"replies":[{"embeddable":true,"href":"https:\/\/multiplex-cs.de\/fr\/wp-json\/wp\/v2\/comments?post=960"}],"version-history":[{"count":5,"href":"https:\/\/multiplex-cs.de\/fr\/wp-json\/wp\/v2\/pages\/960\/revisions"}],"predecessor-version":[{"id":2746,"href":"https:\/\/multiplex-cs.de\/fr\/wp-json\/wp\/v2\/pages\/960\/revisions\/2746"}],"wp:attachment":[{"href":"https:\/\/multiplex-cs.de\/fr\/wp-json\/wp\/v2\/media?parent=960"}],"curies":[{"name":"wp","href":"https:\/\/api.w.org\/{rel}","templated":true}]}}