{"id":1438,"date":"2024-10-23T00:44:45","date_gmt":"2024-10-22T22:44:45","guid":{"rendered":"https:\/\/multiplex-cs.de\/?page_id=1438"},"modified":"2024-10-23T00:44:45","modified_gmt":"2024-10-22T22:44:45","slug":"neu-contact","status":"publish","type":"page","link":"https:\/\/multiplex-cs.de\/fr\/neu-contact\/","title":{"rendered":"NEU &#8211; Contact"},"content":{"rendered":"<section class=\"l-section wpb_row height_auto width_full\"><div class=\"l-section-h i-cf\"><div class=\"g-cols vc_row via_flex valign_top type_default stacking_default\"><div class=\"vc_col-sm-12 wpb_column vc_column_container\"><div class=\"vc_column-inner\"><div class=\"wpb_wrapper\"><div class=\"w-image align_none\"><div class=\"w-image-h\"><img decoding=\"async\" width=\"1920\" height=\"639\" data-src=\"https:\/\/multiplex-cs.de\/wp-content\/uploads\/2021\/04\/multiplex_40_engl.jpg\" class=\"attachment-full size-full lazyload\" alt=\"\" data-srcset=\"https:\/\/multiplex-cs.de\/wp-content\/uploads\/2021\/04\/multiplex_40_engl.jpg 1920w, https:\/\/multiplex-cs.de\/wp-content\/uploads\/2021\/04\/multiplex_40_engl-300x100.jpg 300w, https:\/\/multiplex-cs.de\/wp-content\/uploads\/2021\/04\/multiplex_40_engl-1024x341.jpg 1024w, https:\/\/multiplex-cs.de\/wp-content\/uploads\/2021\/04\/multiplex_40_engl-800x266.jpg 800w\" data-sizes=\"auto, (max-width: 1920px) 100vw, 1920px\" src=\"data:image\/svg+xml;base64,PHN2ZyB3aWR0aD0iMSIgaGVpZ2h0PSIxIiB4bWxucz0iaHR0cDovL3d3dy53My5vcmcvMjAwMC9zdmciPjwvc3ZnPg==\" style=\"--smush-placeholder-width: 1920px; --smush-placeholder-aspect-ratio: 1920\/639;\" \/><\/div><\/div><\/div><\/div><\/div><\/div><\/div><\/section><section class=\"l-section wpb_row height_small\"><div class=\"l-section-h i-cf\"><div class=\"g-cols vc_row via_flex valign_top type_default stacking_default\"><div class=\"vc_col-sm-12 wpb_column vc_column_container\"><div class=\"vc_column-inner\"><div class=\"wpb_wrapper\"><div class=\"wpb_text_column\"><div class=\"wpb_wrapper\"><h1>N\u2019h\u00e9sitez pas \u00e0 nous contacter si vous avez des projets. Nous y r\u00e9pondrons volontiers.<\/h1>\n<\/div><\/div><\/div><\/div><\/div><\/div><\/div><\/section><section class=\"l-section wpb_row height_small\"><div class=\"l-section-h i-cf\"><div class=\"g-cols vc_row via_flex valign_top type_default stacking_default\"><div class=\"vc_col-sm-4 wpb_column vc_column_container\"><div class=\"vc_column-inner\"><div class=\"wpb_wrapper\"><div class=\"wpb_text_column\"><div class=\"wpb_wrapper\"><p>MULTIPLEX Modellsport GmbH &amp; Co.KG<br \/>\nCommercial Solutions<br \/>\nWestliche Gewerbestr. 1<br \/>\nD-75015 Bretten \u2022 Germany<\/p>\n<p><span lang=\"FR\">T\u00e9l<\/span>. +(49) (0) 7252 58093-0<br \/>\nFax +(49) (0) 7252 58093-99<\/p>\n<\/div><\/div><\/div><\/div><\/div><div class=\"vc_col-sm-8 wpb_column vc_column_container\"><div class=\"vc_column-inner\"><div class=\"wpb_wrapper\"><div class=\"w-image align_none\"><div class=\"w-image-h\"><img decoding=\"async\" width=\"1024\" height=\"726\" data-src=\"https:\/\/multiplex-cs.de\/wp-content\/uploads\/2019\/07\/firma-multiplex-deutschland-1024x726.jpg\" class=\"attachment-large size-large lazyload\" alt=\"Luftaufnahme des Multiplex Firmengeb\u00e4udes\" data-srcset=\"https:\/\/multiplex-cs.de\/wp-content\/uploads\/2019\/07\/firma-multiplex-deutschland-1024x726.jpg 1024w, https:\/\/multiplex-cs.de\/wp-content\/uploads\/2019\/07\/firma-multiplex-deutschland-300x213.jpg 300w, https:\/\/multiplex-cs.de\/wp-content\/uploads\/2019\/07\/firma-multiplex-deutschland.jpg 1200w\" data-sizes=\"auto, (max-width: 1024px) 100vw, 1024px\" src=\"data:image\/svg+xml;base64,PHN2ZyB3aWR0aD0iMSIgaGVpZ2h0PSIxIiB4bWxucz0iaHR0cDovL3d3dy53My5vcmcvMjAwMC9zdmciPjwvc3ZnPg==\" style=\"--smush-placeholder-width: 1024px; --smush-placeholder-aspect-ratio: 1024\/726;\" \/><\/div><\/div><\/div><\/div><\/div><\/div><\/div><\/section>","protected":false},"excerpt":{"rendered":"N\u2019h\u00e9sitez pas \u00e0 nous contacter si vous avez des projets. Nous y r\u00e9pondrons volontiers. MULTIPLEX Modellsport GmbH &amp; Co.KG Commercial Solutions Westliche Gewerbestr. 1 D-75015 Bretten \u2022 Germany T\u00e9l. +(49) (0) 7252 58093-0 Fax +(49) (0) 7252 58093-99","protected":false},"author":5,"featured_media":0,"parent":0,"menu_order":4,"comment_status":"closed","ping_status":"closed","template":"","meta":{"_acf_changed":false,"footnotes":""},"class_list":["post-1438","page","type-page","status-publish","hentry"],"acf":[],"_links":{"self":[{"href":"https:\/\/multiplex-cs.de\/fr\/wp-json\/wp\/v2\/pages\/1438","targetHints":{"allow":["GET"]}}],"collection":[{"href":"https:\/\/multiplex-cs.de\/fr\/wp-json\/wp\/v2\/pages"}],"about":[{"href":"https:\/\/multiplex-cs.de\/fr\/wp-json\/wp\/v2\/types\/page"}],"author":[{"embeddable":true,"href":"https:\/\/multiplex-cs.de\/fr\/wp-json\/wp\/v2\/users\/5"}],"replies":[{"embeddable":true,"href":"https:\/\/multiplex-cs.de\/fr\/wp-json\/wp\/v2\/comments?post=1438"}],"version-history":[{"count":1,"href":"https:\/\/multiplex-cs.de\/fr\/wp-json\/wp\/v2\/pages\/1438\/revisions"}],"predecessor-version":[{"id":2640,"href":"https:\/\/multiplex-cs.de\/fr\/wp-json\/wp\/v2\/pages\/1438\/revisions\/2640"}],"wp:attachment":[{"href":"https:\/\/multiplex-cs.de\/fr\/wp-json\/wp\/v2\/media?parent=1438"}],"curies":[{"name":"wp","href":"https:\/\/api.w.org\/{rel}","templated":true}]}}