{"id":1004,"date":"2019-07-10T22:37:07","date_gmt":"2019-07-10T20:37:07","guid":{"rendered":"http:\/\/multiplex-cs.de\/datenschutzerklaerung\/"},"modified":"2019-12-19T09:23:17","modified_gmt":"2019-12-19T08:23:17","slug":"datenschutzerklaerung","status":"publish","type":"page","link":"https:\/\/multiplex-cs.de\/fr\/datenschutzerklaerung\/","title":{"rendered":"Charte de confidentialit\u00e9"},"content":{"rendered":"<section class=\"l-section wpb_row height_auto\"><div class=\"l-section-h i-cf\"><div class=\"g-cols vc_row via_flex valign_top type_default stacking_default\"><div class=\"vc_col-sm-12 wpb_column vc_column_container\"><div class=\"vc_column-inner\"><div class=\"wpb_wrapper\"><div class=\"w-separator size_medium\"><\/div><div class=\"wpb_text_column us_custom_2dea28c9\"><div class=\"wpb_wrapper\"><h1>Charte de confidentialit\u00e9<\/h1>\n<\/div><\/div><\/div><\/div><\/div><\/div><\/div><\/section><section class=\"l-section wpb_row height_auto\"><div class=\"l-section-h i-cf\"><div class=\"g-cols vc_row via_flex valign_top type_default stacking_default\"><div class=\"vc_col-sm-12 wpb_column vc_column_container\"><div class=\"vc_column-inner\"><div class=\"wpb_wrapper\"><div class=\"wpb_text_column\"><div class=\"wpb_wrapper\"><article id=\"c67\" class=\"csc-default\">\n<div class=\"ContentInner\">\n<p>Cette offre internet est propos\u00e9e par la soci\u00e9t\u00e9 Multiplex Modellsport GmbH &amp; Co.KG dont le si\u00e8ge est \u00e0 75015 Bretten.<\/p>\n<p>La soci\u00e9t\u00e9\u00a0 Multiplex Modellsport GmbH &amp; Co.KG (MULTIPLEX par la suite) s&rsquo;engage \u00e0 respecter votre vie priv\u00e9e et la confidentialit\u00e9 de vos donn\u00e9es personnelles, conform\u00e9ment \u00e0 la l\u00e9gislation sur la\u00a0protection des donn\u00e9es en vigueur.<\/p>\n<p>Avec cette d\u00e9claration de confidentialit\u00e9, MULTIPLEX souhaite vous expliquer quelles sont les donn\u00e9es indispensables et comment obtenir encore davantage en enregistrant d\u2019autres donn\u00e9es volontairement\u00a0; Vos donn\u00e9es ne seront enregistr\u00e9es et sauvegard\u00e9es qu\u2019avec votre accord.<\/p>\n<p><strong>\u00a7 1 Donn\u00e9es personnelles<\/strong><\/p>\n<p>Si vous souhaitez vous enregistrer pour participer \u00e0 un jeu, \u00e0 la r\u00e9ception d\u2019une Newsletter, \u00e0 la participation d\u2019un forum ou pour acc\u00e9der \u00e0 certaines applications Web, nous vous demanderons certaines donn\u00e9es personnelles. Nous serons amen\u00e9 \u00e0 vous demander ces donn\u00e9es, qui nous sont indispensables, pour que vous ayez acc\u00e8s \u00e0 l\u2019application ou \u00e0 la prestation correspondante\u00a0: Adresse E-mail, nom et pr\u00e9nom, adresse, pays, date de naissance, t\u00e9l\u00e9phone fixe ou mobile, civilit\u00e9. Les champs obligatoires sont marqu\u00e9 d\u2018un ast\u00e9risque.<\/p>\n<p><strong>\u00a7 2 Utilisation de vos donn\u00e9es personnelles qui nous sont indispensables<\/strong><\/p>\n<p>Si vous voulez acc\u00e9der \u00e0 un service interactif ou si vous voulez vous enregistrer pour recevoir notre Newsletter, pour participer \u00e0 un jeu ou \u00e0 un forum, MULTIPLEX vous demandera toujours vos noms, adresse et autres donn\u00e9es indispensables. Dans ce cas, on vous demandera les donn\u00e9es correspondantes n\u00e9cessaires \u00e0 la personnalisation. MULTIPLEX enregistre votre accord et sauvegarde les donn\u00e9es. Si n\u00e9anmoins vous ne donnez pas votre accord, vous n\u2019aurez pas acc\u00e8s \u00e0 l\u2019application ou \u00e0 la prestation souhait\u00e9e. En acc\u00e9dant \u00e0 la page Web, certaines donn\u00e9es d\u2019identification (Adresse IP) ainsi que d\u2019autres donn\u00e9es (date, heure, pages consult\u00e9es) seront enregistr\u00e9es sur notre serveur afin de garantir la confidentialit\u00e9 des donn\u00e9es. Une exploitation de ces donn\u00e9es, \u00e0 l\u2019exception de fins statistiques et ce\u00a0 anonymement (avec adresse IP partielle) est exclue. Toutes les donn\u00e9es personnelles que vous nous aurez transmises ne serviront qu\u2019\u00e0 vous donner acc\u00e8s \u00e0 la prestations demand\u00e9e.<\/p>\n<p><strong>\u00a7 3 Diffusion des donn\u00e9es personnelles<\/strong><\/p>\n<p>MULTIPLEX n\u2019utilise vos informations personnelles qu\u2019en interne et ne les transmet qu\u2019aux soci\u00e9t\u00e9s qui ont sign\u00e9 un accord avec MULTIPLEX. Autrement, vos donn\u00e9es personnelles ne seront jamais transmises \u00e0 un tiers, \u00e0 moins d\u2019y \u00eatre oblig\u00e9 par d\u00e9cision judicaire, ou que vous nous ayez donn\u00e9 votre accord explicite. Vous aurez ainsi la possibilit\u00e9, lors de certaines promotions, de commander du mat\u00e9riel publicitaire. Si pour cette raison vos donn\u00e9es sont transmises \u00e0 des partenaires publicitaires, ou si elles sont utilis\u00e9es par un\u00a0 tiers, cela sera pr\u00e9cis\u00e9 explicitement et ne pourra \u00eatre activ\u00e9 que par vous seul par la proc\u00e9dure \u00ab\u00a0Double-Opt-In\u00a0\u00bb. Nous sommes ainsi en mesure de vous garantir la confidentialit\u00e9 de vos donn\u00e9es personnelles. Cet accord peut \u00eatre d\u00e9nonc\u00e9 \u00e0 tout moment avec effet imm\u00e9diat et \u00e0 l\u2019avenir. Il suffit d\u2019envoyer un simple courrier \u00e0 Multiplex Modellsport GmbH &amp;Co.KG, Westliche Gewerbestr. 1, 75015 Bretten<\/p>\n<p><strong>\u00a7 4 Evaluation des donn\u00e9es<\/strong><\/p>\n<p>MULTIPLEX effectuera des analyses sur les pratiques des utilisateurs sur les pages du portail MULTIPLEX. Le seul but pour MULTIPLEX, est une\u00a0 am\u00e9lioration constante de son service. Ces \u00e9valuations ne sont pas personnelles, mais sont effectu\u00e9es de mani\u00e8re crypt\u00e9e.<\/p>\n<p>Vous pouvez vous opposer \u00e0 tout moment \u00e0 l\u2019utilisation de vos donn\u00e9es crypt\u00e9es. Adressez votre courrier d\u2019opposition \u00e0 l\u2019adresse mentionn\u00e9e au \u00a7 7.\u00a0\u00a0\u00a0\u00a0\u00a0\u00a0\u00a0\u00a0\u00a0\u00a0\u00a0\u00a0\u00a0\u00a0\u00a0\u00a0\u00a0\u00a0\u00a0\u00a0\u00a0\u00a0\u00a0\u00a0\u00a0\u00a0\u00a0\u00a0\u00a0\u00a0\u00a0\u00a0\u00a0\u00a0\u00a0\u00a0\u00a0\u00a0\u00a0\u00a0\u00a0\u00a0 Pour ces analyses, MULTIPLEX\u00a0 utilise Google Analytics, un service d&rsquo;analyse de site internet fourni par Google Inc.-1600 Amphitheatre Parkway, Mountain View, CA 94043, USA\u00a0; \u00ab\u00a0Google\u00a0\u00bb).Google Analytics utilise des Cookies (voir \u00a7 6 Utilisation des Cookies) qui permettent une analyse de l\u2019utilisation de notre site.\u00a0\u00a0\u00a0\u00a0\u00a0\u00a0\u00a0\u00a0\u00a0\u00a0\u00a0\u00a0\u00a0\u00a0\u00a0\u00a0\u00a0\u00a0\u00a0\u00a0\u00a0\u00a0\u00a0\u00a0\u00a0\u00a0\u00a0 Les informations qui sontg\u00e9n\u00e9r\u00e9esvia votre utilisation de ce site web sont transmises \u00e0 un serveur Google aux Etats-Unis et enregistr\u00e9es.. MULTIPLEX utilise Google Analytics avec l\u2019extension \u00ab\u00a0anonymizelp\u00a0\u00bb, de mani\u00e8re \u00e0 ce que les adresses IP transmises partiellement pour \u00e9viter tout lien avec la personne.Google va utiliser ces informations afin d\u2019\u00e9valuer votre utilisation du site web, pour cr\u00e9er des rapports sur les activit\u00e9s du site web afin de les fournir \u00e7 MULTIPLEX et fournir d&rsquo;autres prestations qui sont li\u00e9es \u00e0 l&rsquo;utilisation du site web et d&rsquo;internet. Google va \u00e9ventuellementaussi transmettre ces informations \u00e0 destiers,dans la mesure o\u00f9une telle transmission est prescrite par la loi ou si des tiers traitent les donn\u00e9es sur la demande de Google. Google ne va en aucun cas mettre en relation votre adresse IP avec d&rsquo;autres donn\u00e9es de Google. Vous avez la possibilit\u00e9 d&rsquo;\u00e9viter l&rsquo;installation des cookies gr\u00e2ce \u00e0 un r\u00e9glage correspondant de votre navigateur ; nous attirons cependant votre attention sur le fait que l&rsquo;ensemble des fonctionnalit\u00e9s du site\u00a0 MULTIPLEX\u00a0 ne pourra dans ce cas \u00e9ventuellement pas \u00eatre utilis\u00e9 dans leur int\u00e9gralit\u00e9. Lacollecte et la sauvegarde des donn\u00e9es peuvent \u00e0tout moment \u00eatre r\u00e9voqu\u00e9es avec applicationdans le futur : \u00e0 cet effet, veuillez installer l&rsquo;add-on\u00a0 (<a href=\"http:\/\/tools.google.com\/dlpage\/gaoptout\">http:\/\/tools.google.com\/dlpage\/gaoptout<\/a>) de d\u00e9sactivation de navigateurs de Google Analytics. L\u2019Add-on Browser transmet au Javascript (ga.js) de Google Analytics, qu\u2019aucune information concernant les visites du site ne doivent \u00eatre transmise \u00e0 Google Analytics. Vous trouverez d\u2019autres informations concernant Google Inc. et Google Analytics sous\u00a0: <a href=\"http:\/\/www.google.com\/\">www.google.com<\/a>. La d\u00e9claration de confidentialit\u00e9 Google se trouve sous\u00a0: <a href=\"http:\/\/www.google.com\/intl\/de\/privacypolice.html#information\">www.google.com\/intl\/de\/privacypolice.html#information<\/a>.<\/p>\n<p>En tant qu\u2019alternative au Browser Add-On ou au sein m\u00eame de Browser sur des appareils mobiles, vous pouvez cliquer sur le lien en bas de page pour \u00e9viter \u00e0 l\u2019avenir l\u2019enregistrement sur ces pages par Google Analytics (cet Opt Out ne fonctionne que pour ce Browser et que pour ce damaine). A cet effet un Cookie Opt-Out sera d\u00e9pos\u00e9 dans votre appareil. Si vous supprimez les Cookies de ce Browser, ilfaut r\u00e9appuyer une nouvelle fois sur ce lien.<\/p>\n<\/div>\n<\/article>\n<\/div><\/div><div class=\"wpb_text_column\"><div class=\"wpb_wrapper\"><p><strong><div data-borlabs-cookie-opt-out=\"google-analytics\" data-borlabs-cookie-tracking-id=\"UA-145751800-1\"><p>Cliquez sur le bouton du bas pour supprimer le Tracking de Google Analytics \u00e9teindre.<br><a role=\"button\">Opt-out<\/a><\/p><p data-borlabs-cookie-opt-out-success>Opt-out de <strong>Google Analytics<\/strong> avec succ\u00e8s.<\/p><\/div><\/strong><\/p>\n<\/div><\/div><\/div><\/div><\/div><\/div><\/div><\/section><section class=\"l-section wpb_row height_auto\"><div class=\"l-section-h i-cf\"><div class=\"g-cols vc_row via_flex valign_top type_default stacking_default\"><div class=\"vc_col-sm-12 wpb_column vc_column_container\"><div class=\"vc_column-inner\"><div class=\"wpb_wrapper\"><div class=\"w-separator us_custom_45647a33 has_text_color size_small with_line width_default thick_4 style_solid color_border align_center\"><div class=\"w-separator-h\"><\/div><\/div><div class=\"wpb_text_column\"><div class=\"wpb_wrapper\"><p><strong>\u00a7 5 Droit d\u2019acc\u00e8s<\/strong><\/p>\n<p>Vous pouvez \u00e0 tout moment obtenir des informations relatives aux donn\u00e9es sauvegard\u00e9es que vous nous avez transmises. En cas de n\u00e9cessit\u00e9, adressez-nous un courrier \u00e0 MULTIPLEX Modellsport GmbH &amp;Co.KG Westliche Gewerbestr. 1 75015 Bretten ou envoyez un Fax au 07252 \/ 580 93 99.<\/p>\n<p><strong>\u00a7 6 Utilisation des Cookies<\/strong><\/p>\n<p>Un cookie est un petit fichier texte stock\u00e9 sur le disque dur de votre terminal (ordinateur, tablette, mobile) par le biais de votre logiciel de navigation \u00e0 l&rsquo;occasion de la consultation d&rsquo;un service en ligne. Cela signifie qu\u2019un cookie lnous est envoy\u00e9 \u00e0 chaque fois que vous ouvrez une page sur notre site \u00e0 partir de votre ordinateur ou de votre appareil mobile. Les cookies enregistr\u00e9s par nous ou par des tiers lorsque vous visitez notre Site ou nos Applications ne vous reconnaissent pas personnellement en tant qu&rsquo;individu, mais reconnaissent seulement l&rsquo;appareil que vous \u00eates en train d&rsquo;utiliser. Les cookies ne stockent aucune donn\u00e9e personnelle sensible ou directement identifiante mais donnent simplement une information sur votre navigation de fa\u00e7on \u00e0 ce que votre terminal puisse \u00eatre reconnu plus tard. Les cookies ne causent aucun dommage \u00e0 votre appareil, mais permettent plus facilement par exemple de retrouver vos pr\u00e9f\u00e9rences, de pr\u00e9-remplir certains champs et d&rsquo;adapter le contenu de nos services. Vous seul choisissez si vous souhaitez avoir des cookies enregistr\u00e9s sur votre appareil et vous pouvez facilement contr\u00f4ler l&rsquo;enregistrement des cookies. Ces cookies nous permettent d\u2019analyser la mani\u00e8re dont les utilisateurs naviguent sur notre site, afin que nous puissions adapter au mieux nos offres aux besoins des utilisateurs. Si vous ne voulez pasprofitez de ces avantages, vous pouvez activer, d\u00e9sactiver totalement ou d\u00e9sactiver partiellement les cookies dans votre navigateur tr\u00e8s simplement. Veuillez observer les possibilit\u00e9s individuelles de configuration de votre navigateur.<br \/>\nPour des raisons techniques, il n\u2019est pas possible de participer au Forum-Online MULTIPLEX si vous refusez les cookies.<\/p>\n<\/div><\/div><div class=\"wpb_text_column\"><div class=\"wpb_wrapper\"><p><strong><div data-borlabs-cookie-wrap=\"inline\" class=\"left\">\n    <div data-borlabs-cookie>\n        <p class=\"borlabsCookieHeadline\">R\u00e9glages Cookie<\/p>\n        <div data-borlabs-selection>\n            <p class=\"borlabsCookieExplanation\">L\u00e0, il faut faire un choix. Vous trouverez d\u2019autres informations relatives aux incidences de votre choix sous <span data-borlabs-cookie-help-link>Aide<\/span>. <a href=\"https:\/\/multiplex-cs.de\/fr\/datenschutzerklaerung\/\">Charte de confidentialit\u00e9<\/a> | <a href=\"https:\/\/multiplex-cs.de\/fr\/impressum\/\">Mentions l\u00e9gales<\/a><\/p>\n            <div data-borlabs-selection-list>\n                <ul>\n                    <li class=\"cookieOption1\"><label for=\"borlabsCookieInlineOptionAll\"><input id=\"borlabsCookieInlineOptionAll\" type=\"radio\" name=\"cookieOption\" value=\"all\">Autoriser tous les Cookies<\/label><\/li>\n                                        <li class=\"cookieOption3\"><label for=\"borlabsCookieInlineOptionRejectAll\"><input id=\"borlabsCookieInlineOptionRejectAll\" type=\"radio\" name=\"cookieOption\" value=\"reject-all\">Refuser tous les Cookies<\/label><\/li>\n                                    <\/ul>\n                <div data-borlabs-selection-success>\n                    <p class=\"borlabsCookieSuccess\">Votre choix a \u00e9t\u00e9 enregistr\u00e9\u00a0!<\/p>\n                <\/div>\n            <\/div>\n            <p class=\"borlabsCookieText\" data-borlabs-cookie-help-link>Autres informations<\/p>\n        <\/div>\n        <div data-borlabs-help>\n            <p class=\"borlabsCookieSubHeadline\">Aide<\/p>\n            <p>Afin de pouvoir poursuivre, il faut faire un choix concernant ces Cookies. Vous trouverez ci-dessous une explication des diff\u00e9rentes options et leur signification.<\/p>\n            <ul>\n                <li><span>Autoriser tous les Cookies<\/span>:<br>Tous les Cookies, par ex. Cookies Tracking et analytiques.<\/li>\n                                <li><span>Refuser tous les Cookies<\/span>:<br>Aucun Cookie ne sera impos\u00e9, \u00e0 moins que pour des raisons techniques cedernier ne soit indispensable. Cookie Borlabs n\u00e9cessite un Cookie.<\/li>\n                            <\/ul>\n            <p>Vous pouvez \u00e0 tout moment modifier vos r\u00e9glages Cookie ici\u00a0: <a href=\"https:\/\/multiplex-cs.de\/fr\/datenschutzerklaerung\/\">Charte de confidentialit\u00e9<\/a>. <a href=\"https:\/\/multiplex-cs.de\/fr\/impressum\/\">Mentions l\u00e9gales<\/a><\/p>\n            <p class=\"borlabsCookieText\" data-borlabs-cookie-help-link>Retour<\/p>\n        <\/div>\n    <\/div>\n<\/div><\/strong><\/p>\n<\/div><\/div><div class=\"wpb_text_column\"><div class=\"wpb_wrapper\"><p><strong>\u00a7 7 Suppression des donn\u00e9es personnelles<\/strong><\/p>\n<p>Vous pouvez \u00e0 tout moment revenir sur votre accord concernant la collecte et la sauvegarde de vos donn\u00e9es personnelles par \u00e9crit ou par courrier \u00e9lectronique. Si n\u00e9cessaire, vous pouvez envoyer un courrier \u00e0 MULTIPLEX Modellsport GmbH &amp;Co.KG Westliche Gewerbestr. 1 75015 Bretten ou envoyer un Fax au 07252 \/ 580 93 99. Dans ce cas, MULTIPLEX supprimera toutes vos donn\u00e9es.<br \/>\nEn cas de r\u00e9tractation de votre accord concernant la collecte et la sauvegarde de vos donn\u00e9es, MULTIPLEX ne pourra plus vous transmettre, par exemple, de Newsletter, ou vous permettre de participer \u00e0 un jeu.<\/p>\n<p><strong>\u00a7 8 Autres remarques relatives \u00e0 la protection des donn\u00e9es<\/strong><\/p>\n<p>Lorsque vous affichez volontairement des donn\u00e9es personnelles (par ex. lors de Chats, par mail, ou sur des forums) n\u2019oubliez jamais que ces informations peuvent \u00eatre recueillies et utilis\u00e9es par des tiers. Si vous mettez des informations personnelles online, vous risquez ainsi de recevoir des messages non souhait\u00e9s. Si vous \u00eates online, soyez prudents et responsables et soyez vigilants quant \u00e0 la non divugation de votre mot de passe et\/ou autres informations perseonnelles.<\/p>\n<p><strong>\u00a7 9 Extension de l\u2019utilisation des donn\u00e9es<\/strong><\/p>\n<p>Vous pouvez donner votre accord ou refuser en cliquant sur le champ correspondant. Le consentement ou le refus sera enregistr\u00e9; pour l\u2019utilisateur, son contenu est consultable par \u00e9crit \u00e0 tout moment.<br \/>\nLa soci\u00e9t\u00e9 Multiplex Modellsport GmbH &amp;Co.KG est autoris\u00e9e par l\u2019utilisateur, apr\u00e8s accord explicite et volontaire, \u00e0 utiliser des donn\u00e9es personnelles, des profils et des donn\u00e9es d\u00e9mographiques, \u00e0 les collecter, \u00e0 les traiter et \u00e0 les utiliser pour\u00a0 par ex. les modifier, les sauvegarder pour une utilisation ult\u00e9rieure, les combiner avec d\u2019autres donn\u00e9es et les archiver: Envoi d\u2019informations par Multiplex Modellsport GmbH &amp;Co.KG, personnalisation et orientation optimale de ce service de Multiplex Modellsport GmbH &amp;Co.KG selon les int\u00e9r\u00eats et les pr\u00e9f\u00e9rences de l\u2019utilisateur, publicit\u00e9 et \u00e9tudes de march\u00e9 pour la soci\u00e9t\u00e9 Multiplex Modellsport GmbH &amp;Co.KG.la soci\u00e9t\u00e9 Multiplex Modellsport GmbH &amp;Co.KG.<br \/>\nLa soci\u00e9t\u00e9 Multiplex Modellsport GmbH &amp;Co.KG, apr\u00e8s accord de l\u2019utilisateur, n\u2019est pas oblig\u00e9 de supprimer les donn\u00e9es d\u2019utilisation en fin de navigation, mais est autoris\u00e9e \u00e0 les sauvegarder. Par ailleurs, la soci\u00e9t\u00e9 Multiplex Modellsport GmbH &amp;Co.KG, et apr\u00e8s accord de l\u2019utilisateur, et autoris\u00e9e \u00e0 transmettre les donn\u00e9es personnelles \u00e0 ses partenaires de coop\u00e9ration pour la publicit\u00e9, l\u2019\u00e9tude de march\u00e9, pour la transmission d\u2019informations sur les produits et les services, pour la mise \u00e0 disposition d\u2019offres pour conclure des contrats d\u2019achat de mat\u00e9riel et pour des prestations de service et adapter de mani\u00e8re optimale les informations aux int\u00e9r\u00eats de l\u2019utilisateur au moyen d\u2019une Newsletter.<br \/>\nLes autorisations accord\u00e9es par l\u2019utilisateur peuvent \u00eatre r\u00e9voqu\u00e9es \u00e0 tout moment et pour l\u2019avenir. De fait, les conditions d\u2019utilisation pour une utilisation accrue peuvent \u00eatre d\u00e9nonc\u00e9es, toutes les donn\u00e9es collect\u00e9es par Multiplex Modellsport GmbH &amp;Co.KG seront alors supprim\u00e9es. Si, avec l\u2019accord de l\u2019utilisateur, des donn\u00e9es ont \u00e9t\u00e9 transmises \u00e0 des partenaires de coop\u00e9ration, ceux-ci en sont inform\u00e9s en leur demandant de supprimer ces donn\u00e9es. Il est \u00e9galement possible de maintenir ces conditions d\u2019utilisation et de ne r\u00e9voquer que l\u2019accord pour une exploitaion ult\u00e9rieure, et \u00e0 l\u2019avenir, des donn\u00e9es. Tous types d\u2019accords et de d\u00e9clarations de consentement ne s\u2019\u00e9tendent pas \u00e0 des informations t\u00e9l\u00e9phoniques, \u00e0 des offres et des contr\u00f4les publicitaires<\/p>\n<p><strong>\u00a7 10 R\u00e9serve de modifications<\/strong><\/p>\n<p>MULTIPLEX se r\u00e9serve le droit d\u2019actualiser \u00e0 tout moment cette d\u00e9claration de confidentialit\u00e9 concernant la protection des donn\u00e9es, dans le respect des dispositions l\u00e9gales. Ces actualisations sont mentionn\u00e9es sur notre site Web et nous vous demanderons votre accord \u00e9ventuel n\u00e9cessaire.<\/p>\n<\/div><\/div><div class=\"w-separator size_medium\"><\/div><\/div><\/div><\/div><\/div><\/div><\/section>","protected":false},"excerpt":{"rendered":"Charte de confidentialit\u00e9 Cette offre internet est propos\u00e9e par la soci\u00e9t\u00e9 Multiplex Modellsport GmbH &amp; Co.KG dont le si\u00e8ge est \u00e0 75015 Bretten. La soci\u00e9t\u00e9\u00a0 Multiplex Modellsport GmbH &amp; Co.KG (MULTIPLEX par la suite) s&rsquo;engage \u00e0 respecter votre vie priv\u00e9e et la confidentialit\u00e9 de vos donn\u00e9es personnelles, conform\u00e9ment \u00e0 la l\u00e9gislation sur la\u00a0protection des donn\u00e9es...","protected":false},"author":5,"featured_media":0,"parent":0,"menu_order":9,"comment_status":"closed","ping_status":"closed","template":"","meta":{"_acf_changed":false,"footnotes":""},"class_list":["post-1004","page","type-page","status-publish","hentry"],"acf":[],"_links":{"self":[{"href":"https:\/\/multiplex-cs.de\/fr\/wp-json\/wp\/v2\/pages\/1004","targetHints":{"allow":["GET"]}}],"collection":[{"href":"https:\/\/multiplex-cs.de\/fr\/wp-json\/wp\/v2\/pages"}],"about":[{"href":"https:\/\/multiplex-cs.de\/fr\/wp-json\/wp\/v2\/types\/page"}],"author":[{"embeddable":true,"href":"https:\/\/multiplex-cs.de\/fr\/wp-json\/wp\/v2\/users\/5"}],"replies":[{"embeddable":true,"href":"https:\/\/multiplex-cs.de\/fr\/wp-json\/wp\/v2\/comments?post=1004"}],"version-history":[{"count":0,"href":"https:\/\/multiplex-cs.de\/fr\/wp-json\/wp\/v2\/pages\/1004\/revisions"}],"wp:attachment":[{"href":"https:\/\/multiplex-cs.de\/fr\/wp-json\/wp\/v2\/media?parent=1004"}],"curies":[{"name":"wp","href":"https:\/\/api.w.org\/{rel}","templated":true}]}}