{"id":1001,"date":"2019-07-10T22:37:33","date_gmt":"2019-07-10T20:37:33","guid":{"rendered":"http:\/\/multiplex-cs.de\/impressum\/"},"modified":"2024-10-21T17:30:17","modified_gmt":"2024-10-21T15:30:17","slug":"impressum","status":"publish","type":"page","link":"https:\/\/multiplex-cs.de\/fr\/impressum\/","title":{"rendered":"Mentions l\u00e9gales"},"content":{"rendered":"<section class=\"l-section wpb_row height_auto\"><div class=\"l-section-h i-cf\"><div class=\"g-cols vc_row via_flex valign_top type_default stacking_default\"><div class=\"vc_col-sm-12 wpb_column vc_column_container\"><div class=\"vc_column-inner\"><div class=\"wpb_wrapper\"><div class=\"w-separator size_medium\"><\/div><div class=\"wpb_text_column\"><div class=\"wpb_wrapper\"><h1>Mentions l\u00e9gales<\/h1>\n<\/div><\/div><\/div><\/div><\/div><\/div><\/div><\/section><section class=\"l-section wpb_row height_auto\"><div class=\"l-section-h i-cf\"><div class=\"g-cols vc_row via_flex valign_top type_default stacking_default\"><div class=\"vc_col-sm-6 wpb_column vc_column_container\"><div class=\"vc_column-inner\"><div class=\"wpb_wrapper\"><div class=\"wpb_text_column\"><div class=\"wpb_wrapper\"><p>Donn\u00e9es conformes au \u00a7 5 TMG:<\/p>\n<p><strong>Multiplex Modellsport GmbH &amp; Co.KG<\/strong><br \/>\nWestliche Gewerbestr. 1<br \/>\n75015 Bretten<br \/>\nGermany<\/p>\n<p><strong>Kontakt:<\/strong><br \/>\nT\u00e9l\u00e9phone: 07252 \/ 580 93 0<br \/>\nFax: 07252 \/ 580 93 99<\/p>\n<p><strong>Repr\u00e9sentants l\u00e9gaux\u00a0:<\/strong><br \/>\nChun Sue Park, Thomas Freyer<\/p>\n<p><strong><span lang=\"FR\">Registre du commerce Mannheim <\/span><span lang=\"FR\">\u2022<\/span><\/strong><span lang=\"FR\"><strong>\u00a0 HRA Nr. 503805<\/strong><br \/>\nCode fiscal\u00a0: 30042\/14456<br \/>\nNr. Registre WEEE\u00a0: DE 89838279 ID cr\u00e9ancier\u00a0: DE38ZZZ00000017521<\/span><\/p>\n<p><strong><span lang=\"FR\">Nr. d\u2019identification TVA conforme au \u00a7 27a de la loi r<\/span><span lang=\"FR\">elative \u00e0 la taxe sur le chiffre d\u2019affaires<\/span><span lang=\"FR\">\u00a0: <\/span><\/strong><span lang=\"FR\">DE225469090<\/span><\/p>\n<\/div><\/div><\/div><\/div><\/div><div class=\"vc_col-sm-6 wpb_column vc_column_container\"><div class=\"vc_column-inner\"><div class=\"wpb_wrapper\"><div class=\"wpb_text_column\"><div class=\"wpb_wrapper\"><p><strong>Responsable l\u00e9gal charg\u00e9 de la protection des donn\u00e9es\u00a0:<\/strong><br \/>\nThomas Freyer<br \/>\nMULTIPLEX Modellsport GmbH &amp;Co.KG \u2022\u00a0Westliche Gewerbestr. 1 \u2022\u00a075015 Bretten<\/p>\n<p>T\u00e9l.\u00a0: 07252 \/ 580 93 0 \u2022\u00a0Fax\u00a0:\u00a007252 \/ 580 93 99<\/p>\n<p><strong>Responsable l\u00e9gal pour le contenu selon\u00a0\u00a755 -2RStV\u00a0:<\/strong><br \/>\nThomas Freyer<\/p>\n<p><strong>R\u00e9f\u00e9rences pour les images et sch\u00e9mas publi\u00e9s\u00a0:<\/strong><br \/>\nHitec Korea<\/p>\n<p><strong>phG\u00a0:<\/strong> Multiplex Modellsport Verwaltungs GmbH, Bretten (AG Mannheim HRB 505430)<\/p>\n<p><strong>Conception, Design et r\u00e9alisation\u00a0:<\/strong><br \/>\nHummel Design \u2022\u00a0 <a href=\"https:\/\/www.hummel-design.de\" target=\"_blank\" rel=\"noopener noreferrer\">www.hummel-design.de<\/a><\/p>\n<\/div><\/div><\/div><\/div><\/div><\/div><\/div><\/section><section class=\"l-section wpb_row height_auto\"><div class=\"l-section-h i-cf\"><div class=\"g-cols vc_row via_flex valign_top type_default stacking_default\"><div class=\"vc_col-sm-12 wpb_column vc_column_container\"><div class=\"vc_column-inner\"><div class=\"wpb_wrapper\"><div class=\"w-separator us_custom_45647a33 has_text_color size_small with_line width_default thick_4 style_solid color_border align_center\"><div class=\"w-separator-h\"><\/div><\/div><div class=\"wpb_text_column\"><div class=\"wpb_wrapper\"><h2>Clause de non responsabilit\u00e9<\/h2>\n<p><strong>Responsabilit\u00e9 relative aux contenus<\/strong><\/p>\n<p>Le contenu de ces pages a \u00e9t\u00e9 r\u00e9dig\u00e9 avec le plus grand soin. Par contre, nous ne pouvons \u00eatre tenu pour responsables quant \u00e0 son exactitude, son int\u00e9gralit\u00e9 et son actualisation. En tant que prestataires de services et conform\u00e9ment au \u00a7 7-1 du TMG, nous ne sommes responsables que\u00a0 du contenu propre de ces pages selon la l\u00e9gislation g\u00e9n\u00e9rale en vigueur. N\u00e9anmoins, et selon les \u00a7\u00a7 8 \u00e0 10 du TMG, nous ne sommes pas oblig\u00e9, en tant que prestataires de services, de v\u00e9rifier les informations \u00e9trang\u00e8res\u00a0transmises ou sauvegard\u00e9es ou enqu\u00eater sur celles qui pr\u00e9senteraient une activit\u00e9 ill\u00e9gale. Les obligations de retirer ou de bloquer l\u2019utilisation d\u2019informations\u00a0\u00a0 ne sont pas concern\u00e9es, conform\u00e9ment \u00e0 la l\u00e9gislation en vigueur. Une responsabilit\u00e9 \u00e0 ce sujet ne pourra \u00eatre engag\u00e9e qu\u2019\u00e0 partir du moment ou une violation concr\u00e8te de la loi aura \u00e9t\u00e9 constat\u00e9e. D\u00e8s la connaissance de violations , le contenu sera retir\u00e9 sur le champ.<\/p>\n<p><strong>Responsabilit\u00e9 vis \u00e0 vis des liens<\/strong><\/p>\n<p>Notre offre fait appel \u00e0 des pages, des liens externes, dont nous n\u2019avons aucune influence sur leur contenu. De ce fait, nous d\u00e9clinons toute responsabilit\u00e9 quant \u00e0 leurs contenus. Seul l\u2019op\u00e9rateur ou le fournisseur est responsable des pages qu\u2019il met en ligne par ces liens. La l\u00e9galit\u00e9 des pages en question a \u00e9t\u00e9 v\u00e9rifi\u00e9e lorsque le lien a \u00e9t\u00e9 cr\u00e9e. Il est donc pratiquement impossible de v\u00e9rifier toutes les pages li\u00e9es sans indications pr\u00e9cises. D\u00e8s connaissance de violations de la loi, nous nous engageons \u00e0 supprimer imm\u00e9diatement le lien en question.<\/p>\n<p><strong>Droit d\u2019auteur (propri\u00e9t\u00e9 intellectuelle)<\/strong><\/p>\n<p>Les contenus et les travaux r\u00e9alis\u00e9s dans ces pages rel\u00e8vent du droit de la propri\u00e9t\u00e9 et droit d&rsquo;auteur allemand. La reproduction, le traitement, la diffusion et l&rsquo;exploitation de toute nature n&rsquo;entrant pas dans les limites du champ d&rsquo;application de la loi sur la propri\u00e9t\u00e9 intellectuelle n\u00e9cessitent l&rsquo;accord \u00e9crit de l&rsquo;auteur ou du cr\u00e9ateur respectif. Des t\u00e9l\u00e9chargements et des copies de ce site ne sont permis que pour l&rsquo;utilisation priv\u00e9e et non commerciale. Dans la mesure o\u00f9 le contenu de ce site n&rsquo;est pas l&rsquo;\u0153uvre de l&rsquo;h\u00e9bergeur, le droit du tiers sur le droit d&rsquo;auteur s&rsquo;applique. A cet \u00e9gard, le contenu d&rsquo;un tiers sera not\u00e9 en tant que tel. Si vous constatez n\u00e9anmoins une infraction au droit d&rsquo;auteur, nous vous prions de nous le faire savoir. Ces contenus seront imm\u00e9diatement supprim\u00e9s si nous avons connaissance de telles violations.<\/p>\n<p>L&rsquo;utilisation par des tiers des coordonn\u00e9es de contacts publi\u00e9es dans le cadre des mentions l\u00e9gales en vue de l&rsquo;envoi de publicit\u00e9 et de renseignements non demand\u00e9s est express\u00e9ment interdite. Les op\u00e9rateurs du site se r\u00e9servent le droit de prendre des mesures l\u00e9gales en cas de publicit\u00e9s non sollicit\u00e9s, tels que les emails spam.<\/p>\n<\/div><\/div><div class=\"w-separator size_medium\"><\/div><\/div><\/div><\/div><\/div><\/div><\/section>","protected":false},"excerpt":{"rendered":"Mentions l\u00e9gales Donn\u00e9es conformes au \u00a7 5 TMG: Multiplex Modellsport GmbH &amp; Co.KG Westliche Gewerbestr. 1 75015 Bretten Germany Kontakt: T\u00e9l\u00e9phone: 07252 \/ 580 93 0 Fax: 07252 \/ 580 93 99 Repr\u00e9sentants l\u00e9gaux\u00a0: Chun Sue Park, Thomas Freyer Registre du commerce Mannheim \u2022\u00a0 HRA Nr. 503805 Code fiscal\u00a0: 30042\/14456 Nr. Registre WEEE\u00a0: DE 89838279...","protected":false},"author":5,"featured_media":0,"parent":0,"menu_order":8,"comment_status":"closed","ping_status":"closed","template":"","meta":{"_acf_changed":false,"footnotes":""},"class_list":["post-1001","page","type-page","status-publish","hentry"],"acf":[],"_links":{"self":[{"href":"https:\/\/multiplex-cs.de\/fr\/wp-json\/wp\/v2\/pages\/1001","targetHints":{"allow":["GET"]}}],"collection":[{"href":"https:\/\/multiplex-cs.de\/fr\/wp-json\/wp\/v2\/pages"}],"about":[{"href":"https:\/\/multiplex-cs.de\/fr\/wp-json\/wp\/v2\/types\/page"}],"author":[{"embeddable":true,"href":"https:\/\/multiplex-cs.de\/fr\/wp-json\/wp\/v2\/users\/5"}],"replies":[{"embeddable":true,"href":"https:\/\/multiplex-cs.de\/fr\/wp-json\/wp\/v2\/comments?post=1001"}],"version-history":[{"count":1,"href":"https:\/\/multiplex-cs.de\/fr\/wp-json\/wp\/v2\/pages\/1001\/revisions"}],"predecessor-version":[{"id":2635,"href":"https:\/\/multiplex-cs.de\/fr\/wp-json\/wp\/v2\/pages\/1001\/revisions\/2635"}],"wp:attachment":[{"href":"https:\/\/multiplex-cs.de\/fr\/wp-json\/wp\/v2\/media?parent=1001"}],"curies":[{"name":"wp","href":"https:\/\/api.w.org\/{rel}","templated":true}]}}