{"id":876,"date":"2019-07-10T22:37:55","date_gmt":"2019-07-10T20:37:55","guid":{"rendered":"http:\/\/multiplex-cs.de\/agbs\/"},"modified":"2019-08-22T00:43:11","modified_gmt":"2019-08-21T22:43:11","slug":"agbs","status":"publish","type":"page","link":"https:\/\/multiplex-cs.de\/en\/agbs\/","title":{"rendered":"AGBs"},"content":{"rendered":"<section class=\"l-section wpb_row height_small\"><div class=\"l-section-h i-cf\"><div class=\"g-cols vc_row via_flex valign_top type_default stacking_default\"><div class=\"vc_col-sm-12 wpb_column vc_column_container\"><div class=\"vc_column-inner\"><div class=\"wpb_wrapper\"><div class=\"wpb_text_column\"><div class=\"wpb_wrapper\"><h2><strong>Verkaufs-, Liefer &#8211; und Zahlungsbedingungen (f\u00fcr Wiederverk\u00e4ufer)<\/strong><\/h2>\n<\/div><\/div><\/div><\/div><\/div><\/div><\/div><\/section><section class=\"l-section wpb_row height_small\"><div class=\"l-section-h i-cf\"><div class=\"g-cols vc_row via_flex valign_top type_default stacking_default\"><div class=\"vc_col-sm-12 wpb_column vc_column_container\"><div class=\"vc_column-inner\"><div class=\"wpb_wrapper\"><div class=\"wpb_text_column\"><div class=\"wpb_wrapper\"><p><strong>I.\u00a0Allgemeines<\/strong><\/p>\n<ol>\n<li>Die nachstehenden Bedingungen gelten f\u00fcr jeden Auftrag. Anderslautende Vereinbarungen oder entgegenstehende oder von unseren Bedingungen abweichende Bedingungen des K\u00e4ufers sind nur dann bindend, wenn Sie von uns schriftlich anerkannt wurden. M\u00fcndliche Nebenabreden, insbesondere solche mit unseren Au\u00dfendienst-Mitarbeitern, bed\u00fcrfen zu ihrer Wirksamkeit unserer schriftlichen Best\u00e4tigung.<\/li>\n<li>Die von uns gelieferte Ware ist ausschlie\u00dflich zum Weiterverkauf an Endverbraucher bestimmt. Eine Ver\u00e4u\u00dferung an Wiederverk\u00e4ufer ist nur mit unserer schriftlichen Zustimmung statthaft. Diese Vereinbarung erkennt der K\u00e4ufer bei Auftragserteilung ausdr\u00fccklich an. Im Falle einer Zuwiderhandlung behalten wir uns eine Neuordnung der Gesch\u00e4ftsverbindung vor.<\/li>\n<li>Wir beliefern Einzelh\u00e4ndler, die folgende Voraussetzungen erf\u00fcllen:Zu orts\u00fcblichen Zeiten ge\u00f6ffnetes Ladengesch\u00e4ft mit einer entsprechend breiten Sortierung, die von uns als Ma\u00dfstab f\u00fcr die Beurteilung eines Fachh\u00e4ndlers angesehen wird. Schaufensterauslagen, in denen ganzj\u00e4hrig Modellbauartikel aus unserem Sortiment gezeigt werden. W\u00e4hrend der \u00fcblichen Gesch\u00e4ftszeiten durch den Konsumenten nutzbare Fachberatung.<\/li>\n<\/ol>\n<ol start=\"4\">\n<li>Stellt sich heraus, dass ein Einzelh\u00e4ndler die unter Ziff. 3 aufgef\u00fchrten Anforderungen nicht erf\u00fcllt, so behalten wir uns vor, keine weiteren Lieferungen an den H\u00e4ndler auszuf\u00fchren. Lieferungen aus bereits verbindlichen Bestellungen bleiben davon unber\u00fchrt.<\/li>\n<li>Unsere Ware erfordert aufgrund der technischen Komplexit\u00e4t eine ausf\u00fchrliche Fachberatung. Diese ist beim Verkauf \u00fcber Internet-Auktionsh\u00e4user (ebay etc.) nicht gegeben. Eine Ver\u00e4u\u00dferung \u00fcber Internet-Auktionsh\u00e4user ist daher nur in Ausnahmef\u00e4llen mit unserer ausdr\u00fccklichen schriftlichen Zustimmung statthaft. Diese Vereinbarung erkennt der K\u00e4ufer bei Auftragserteilung ausdr\u00fccklich an. Im Falle einer Zuwiderhandlung behalten wir uns die Einstellung der Lieferbeziehung vor.<\/li>\n<li>Einzelh\u00e4ndler, die ihre Verk\u00e4ufe zu einem wesentlichen Teil auf Versandbasis t\u00e4tigen, k\u00f6nnen von uns im Hinblick auf die dann fehlende pers\u00f6nliche Fachberatung, die wir im Interesse des Endverbrauchers beim Verkauf unserer Produkte voraussetzen m\u00fcssen, nicht beliefert werden.<\/li>\n<\/ol>\n<p><strong>II. Angebot und Auftragsannahme <\/strong>( auch bei Reparaturen)<\/p>\n<ol>\n<li>Angebote sind freibleibend. Kostenvoranschl\u00e4ge werden nach bestem Wissen ausgearbeitet, sind jedoch hinsichtlich Preis und Lieferumfang zun\u00e4chst unverbindlich.<\/li>\n<li>Die Annahme von m\u00fcndlichen, telefonischen oder schriftlichen Auftr\u00e4gen erfolgt stets unter dem Gesichtspunkt der Kreditw\u00fcrdigkeit des K\u00e4ufers. Sollten uns nach der Auftragsannahme Tatsachen bekannt werden, die diese Kreditw\u00fcrdigkeit in Frage stellen, berechtigt uns dies, entweder Sicherstellung des Kaufpreises zu verlangen oder vom Vertrag zur\u00fcckzutreten.<\/li>\n<li>\u00c4nderungen an unseren Erzeugnissen, die der Verbesserung dienen, oder die durch technischen Fortschritt bedingt sind, bleiben vorbehalten. Der K\u00e4ufer ist deshalb nicht berechtigt, vom Vertrag zur\u00fcckzutreten, die bereits erhaltene Lieferung zur\u00fcckzuschicken oder Ersatzlieferung in der urspr\u00fcnglichen Form zu verlangen.<\/li>\n<\/ol>\n<p><strong>III. Lieferung<\/strong><\/p>\n<ol>\n<li>Lieferzeiten werden nach bestem Ermessen, aber ohne Verbindlichkeit angegeben. Die Lieferzeit beginnt mit dem Tage der Auftragsbest\u00e4tigung, nicht aber vor Kl\u00e4rung aller Einzelheiten oder Voraussetzungen, die der K\u00e4ufer zu erf\u00fcllen hat. Ereignisse h\u00f6herer Gewalt und alle Umst\u00e4nde, die nicht in unserem Einflussbereich liegen, um eine termingem\u00e4\u00dfe Leistung zu erm\u00f6glichen, berechtigen uns zur Inanspruchnahme einer angemessenen Liefernachfrist bzw. zum R\u00fccktritt vom Liefervertrag unter Ausschluss von Schadensersatzanspr\u00fcchen jeglicher Art.<\/li>\n<li>Teillieferungen sind zul\u00e4ssig, sofern nicht ausdr\u00fccklich Gegenteiliges vereinbart wird. Fehl- oder Falschlieferungen sind innerhalb 8 Tagen nach Warenerhalt vom K\u00e4ufer schriftlich zu reklamieren.<\/li>\n<li>R\u00fccksendungen d\u00fcrfen nur nach vorheriger \u00dcbereinkunft erfolgen. Deren Bearbeitung ist nur m\u00f6glich, wenn Lieferschein- und Rechnungsnummer und Datum im Begleitschreiben angegeben werden.<\/li>\n<\/ol>\n<p><strong>IV. Versand und Risiko &#8211; \u00dcbergang<\/strong><\/p>\n<ol>\n<li>Die Lieferung erfolgt ab Werk.<\/li>\n<li>F\u00fcr alle Lieferungen geht bei Verlassen unseres Werkes die Gefahr auf den K\u00e4ufer \u00fcber. Wir schlie\u00dfen auf Rechnung des K\u00e4ufers eine Transportversicherung ab.<\/li>\n<li>Der jeweilige Importeur ist f\u00fcr die Einhaltung von nationalem Recht und Regelungen in Anleitungen und Produktbeschreibungen verantwortlich und aufgefordert, diese gegebenenfalls zu erg\u00e4nzen.<\/li>\n<\/ol>\n<p><strong>V. Preise<\/strong><\/p>\n<ol>\n<li>Unsere Preise verstehen sich in EUR, freibleibend ab Bretten und ausschlie\u00dflich Verpackung. Gibt der Besteller keine besonderen Anweisungen, liefern wir auf seine Kosten eine taugliche Verpackung.<\/li>\n<li>Wir liefern zu den am Tage der Auftragserteilung g\u00fcltigen Preisen. Liegen zwischen Auftragserteilung und Lieferung mehr als 4 Monate, so gelten die Preise gem\u00e4\u00df der aktuellen Preisliste.<\/li>\n<\/ol>\n<p><strong>VI. Zahlung<\/strong><\/p>\n<ol>\n<li>Unsere Rechnungen sind innerhalb von 10 Tagen nach dem Datum der Rechnungsstellung mit 2 % Skonto oder innerhalb von 30 Tagen nach Datum der Rechnungsstellung rein netto zahlbar. Vorstehender Kassenskonto wird nur unter der Voraussetzung gew\u00e4hrt, dass s\u00e4mtliche Zahlungsverpflichtungen aus fr\u00fcheren Lieferungen restlos ausgeglichen sind. Anderslautende Zahlungsbedingungen sind nur dann g\u00fcltig, wenn sie von uns ausdr\u00fccklich best\u00e4tigt wurden. Diese Best\u00e4tigung gilt automatisch nur f\u00fcr den jeweils laufenden Auftrag bzw. Verhandlungsgegenstand.<\/li>\n<\/ol>\n<ol start=\"2\">\n<li>Zahlung mit Wechsel oder Scheck bed\u00fcrfen einer besonderen Vereinbarung. Sie werden auch dann nur zahlungshalber angenommen. Diskontspesen gehen zu Lasten des K\u00e4ufers. Bei Ziel\u00fcberschreitungen sind wir berechtigt, f\u00fcr laufende Rechnungen Verzugszinsen in H\u00f6he der bank\u00fcblichen Zinsen, mindestens jedoch in H\u00f6he von 8 % \u00fcber dem jeweiligen Basiszinssatz der EZB zu berechnen.<\/li>\n<\/ol>\n<ol start=\"3\">\n<li>Wird uns bekannt, dass Wechsel des K\u00e4ufers protestiert, Zwangsvollstreckungsma\u00dfnahmen gegen ihn eingeleitet werden oder eine sonstige Verm\u00f6gensverschlechterung eintritt, so k\u00f6nnen wir auch noch nicht f\u00e4llige Forderungen und solche Forderungen aus der Gesch\u00e4ftsverbindung, f\u00fcr die ein Wechsel oder Scheck hingegeben worden ist, sofort geltend machen. In diesen F\u00e4llen und im Fall, dass eine f\u00e4llige Rechnung aus der Gesch\u00e4ftsverbindung trotz Mahnung nicht bezahlt ist, k\u00f6nnen zuk\u00fcnftige Lieferungen davon abh\u00e4ngig gemacht werden, dass der K\u00e4ufer Vorauszahlung leistet oder Sicherheit erbringt.<\/li>\n<li>Von der Skontierung ausgenommen sind Rechnungen \u00fcber Kataloge, Reparaturen und bereits im Angebot als nicht skontierf\u00e4hig bezeichnete Lieferungen und Leistungen.<\/li>\n<li>Die Aufrechnung von Gegenanspr\u00fcchen oder die Geltendmachung eines Zur\u00fcckbehaltungsrechts ist nur statthaft, wenn die behaupteten Gegenanspr\u00fcche des K\u00e4ufers unbestritten oder rechtskr\u00e4ftig festgestellt sind.<\/li>\n<li>K\u00fcrzungen an Rechnungen d\u00fcrfen erst nach Vorliegen unserer Gutschrift durchgef\u00fchrt werden. Unberechtigte K\u00fcrzungen, gleich welcher Art, werden von uns zur\u00fcckgefordert.<\/li>\n<\/ol>\n<ol>\n<li>Unsere Preise sind Nettopreise. Die in den Preislisten genannten Verkaufspreise sind unverbindlich empfohlene Richtpreise inkl. deutscher Mehrwertsteuer. Preis\u00e4nderungen und Irrt\u00fcmer bleiben vorbehalten. Die Rechnung gilt als anerkannt, wenn nicht innerhalb von 4 Wochen schriftlich reklamiert wird.<\/li>\n<li>Sofern wir an Endverbraucher liefern, erfolgt die Berechnung zu den von uns empfohlenen Brutto-Preisen plus Versandspesen. Zahlung in diesen F\u00e4llen ausschlie\u00dflich per Nachnahme oder Kreditkarte (Master oder Visa).<\/li>\n<\/ol>\n<\/div><\/div><div class=\"wpb_text_column\"><div class=\"wpb_wrapper\"><p><strong>VII. Eigentumsvorbehalt<\/strong><\/p>\n<ol>\n<li>Bis zur Tilgung unserer s\u00e4mtlichen Forderungen aus der Gesch\u00e4ftsverbindung bleibt unsere im Sortiment bzw. Lager des K\u00e4ufers befindliche Ware unser Eigentum.<\/li>\n<li>Der K\u00e4ufer darf die Vorbehaltsware im ordentlichen Gesch\u00e4ftsgang weiterverkaufen, vorausgesetzt, der Weiterverkauf erfolgt wiederum unter Eigentumsvorbehalt oder gegen sofortige vollst\u00e4ndige Bezahlung. Zur anderweitigen Verf\u00fcgung, insbesondere zur Sicherungs\u00fcbereignung und zur Verpf\u00e4ndung der Vorbehaltsware ist der K\u00e4ufer nicht berechtigt. Im Falle des Weiterverkaufs der Vorbehaltsware tritt uns der K\u00e4ufer bereits jetzt alle Forderungen in H\u00f6he des Endbetrages unserer Forderung ab, die ihm aus der Weiterver\u00e4u\u00dferung gegen seine Abnehmer oder Dritte erwachsen. Zur Einziehung dieser Forderung bleibt der K\u00e4ufer auch nach der Abtretung erm\u00e4chtigt. Unsere Befugnis, die Forderung selbst einzuziehen, bleibt hiervon unber\u00fchrt. Wir verpflichten uns jedoch, die Forderungen nicht einzuziehen, solange der K\u00e4ufer seinen Zahlungsverpflichtungen aus den vereinnahmten Erl\u00f6sen nachkommt, nicht in Zahlungsverzug ger\u00e4t und insbesondere kein Antrag auf Er\u00f6ffnung eines Vergleichs oder Insolvenzverfahrens gestellt ist oder Zahlungseinstellung vorliegt. Ist dies aber der Fall, so k\u00f6nnen wir verlangen, dass der K\u00e4ufer uns die abgetretenen Forderungen und deren Schuldner bekannt gibt, alle zum Einzug erforderlichen Angaben macht, die dazu geh\u00f6rigen Unterlagen aush\u00e4ndigt und den Schuldnern die Abtretung mitteilt.<\/li>\n<\/ol>\n<ol start=\"3\">\n<li>Bei Zahlungsverzug ist der K\u00e4ufer auf unser Verlangen verpflichtet, die in seinem Besitz befindliche Vorbehaltsware auszusondern und an uns herauszugeben.<\/li>\n<li>Ware, die unter Eigentumsvorbehalt geliefert wurde, und die an uns zur Aufrechnung unserer Forderungen zur Gutschrift zur\u00fcckgeht, wird zun\u00e4chst auf ihren tats\u00e4chlichen Wert hin \u00fcberpr\u00fcft. Wir sind berechtigt, entsprechende Abschl\u00e4ge und Bearbeitungsgeb\u00fchren in Abzug zu bringen.<\/li>\n<\/ol>\n<p><strong>VIII. M\u00e4ngelhaftung \/ Haftung f\u00fcr Sch\u00e4den<\/strong><\/p>\n<ol>\n<li>Die M\u00e4ngelrechte des K\u00e4ufers setzen voraus, dass dieser seinen gesetzlichen Untersuchungs- und R\u00fcgeobliegenheiten gem. \u00a7 377 HGB ordnungsgem\u00e4\u00df nachgekommen ist.<\/li>\n<li>Es gelten die gesetzlichen Bestimmungen. Weitergehende Garantien werden nur gew\u00e4hrt, wenn diese ausdr\u00fccklich von uns schriftlich best\u00e4tigt wurden.<\/li>\n<li>Soweit ein Mangel der Kaufsache vorliegt, ist der K\u00e4ufer nach seiner Wahl zur Nacherf\u00fcllung in Form einer Mangelbeseitigung oder zur Lieferung einer neuen mangelfreien Sache berechtigt. Im Fall der Mangelbeseitigung tragen wir die Aufwendungen, insbesondere Transport-, Wege-, Arbeits- und Materialkosten, jedoch nur bis zur H\u00f6he des Kaufpreises.<\/li>\n<li>Schl\u00e4gt die Nacherf\u00fcllung fehl, so ist der K\u00e4ufer nach seiner Wahl berechtigt, R\u00fccktritt oder Minderung zu verlangen.<\/li>\n<li>Wir haften nach den gesetzlichen Bestimmungen, sofern der K\u00e4ufer Schadensersatzanspr\u00fcche geltend macht, die auf Vorsatz oder grobe Fahrtl\u00e4ssigkeit, einschlie\u00dflich die unserer Vertreter oder Erf\u00fcllungsgehilfen beruhen. Soweit uns keine vors\u00e4tzliche Vertragsverletzung angelastet wird, ist die Schadensersatzhaftung auf den vorhersehbaren, typischerweise eintretenden Schaden begrenzt.<\/li>\n<li>Soweit dem K\u00e4ufer ein Anspruch auf Ersatz des Schadens statt Leistung zusteht, ist unsere Haftung auch im Rahmen von Abs. 4 auf den Ersatz des vorhersehbaren, typischerweise eintretenden Schadens begrenzt. Die Haftung wegen schuldhafter Verletzung des Lebens, K\u00f6rpers oder der Gesundheit bleibt unber\u00fchrt, dies gilt auch f\u00fcr die zwingende Haftung nach dem Produkthaftungsgesetz.<\/li>\n<li>Eine weitergehende Haftung auf Schadensersatz als in den vorherigen Bestimmungen ist \u2013 ohne R\u00fccksicht auf die Rechtsnatur des geltend gemachten Anspruchs \u2013 ausgeschlossen.<\/li>\n<li>Gew\u00e4hrleistungsrechte und Garantieaussagen erl\u00f6schen, wenn der Liefergegenstand nach Lieferung vom K\u00e4ufer oder von dritter Seite ver\u00e4ndert wurde oder wenn die Behandlungsvorschriften nicht eingehalten werden.<\/li>\n<\/ol>\n<p><strong>IX. Erf\u00fcllungsort, Gerichtsstand und anzuwendendes Recht<\/strong><\/p>\n<p>Gerichtsstand ist f\u00fcr alle Verpflichtungen aus dem Vertragsverh\u00e4ltnis &#8211; auch f\u00fcr Wechsel und Schecksachen &#8211; Bretten oder nach unserer Wahl auch der Sitz des K\u00e4ufers. Erf\u00fcllungsort ist Bretten. Es gilt ausschlie\u00dflich das Recht der Bundesrepublik Deutschland unter Ausschluss der Bestimmungen des UN-Kaufrechts. Sofern die Vereinbarungen I bis IX Regelungen enthalten, denen gesetzliche Bestimmungen entgegenstehen, so gelten automatisch diese als vereinbart. Die anderen Regelungen\u00a0bleiben davon unber\u00fchrt.<\/p>\n<p><strong>MULTIPLEX Modellsport GmbH &amp; Co. KG<br \/>\n<\/strong><strong>Westliche Gewerbestr. 1 &#8211; D-75015 Bretten<\/strong><\/p>\n<p>Stand Januar 2016<\/p>\n<\/div><\/div><\/div><\/div><\/div><\/div><\/div><\/section>","protected":false},"excerpt":{"rendered":"Verkaufs-, Liefer &#8211; und Zahlungsbedingungen (f\u00fcr Wiederverk\u00e4ufer) I.\u00a0Allgemeines Die nachstehenden Bedingungen gelten f\u00fcr jeden Auftrag. Anderslautende Vereinbarungen oder entgegenstehende oder von unseren Bedingungen abweichende Bedingungen des K\u00e4ufers sind nur dann bindend, wenn Sie von uns schriftlich anerkannt wurden. M\u00fcndliche Nebenabreden, insbesondere solche mit unseren Au\u00dfendienst-Mitarbeitern, bed\u00fcrfen zu ihrer Wirksamkeit unserer schriftlichen Best\u00e4tigung. Die von uns...","protected":false},"author":5,"featured_media":0,"parent":0,"menu_order":7,"comment_status":"closed","ping_status":"closed","template":"","meta":{"_acf_changed":false,"footnotes":""},"class_list":["post-876","page","type-page","status-publish","hentry"],"acf":[],"_links":{"self":[{"href":"https:\/\/multiplex-cs.de\/en\/wp-json\/wp\/v2\/pages\/876","targetHints":{"allow":["GET"]}}],"collection":[{"href":"https:\/\/multiplex-cs.de\/en\/wp-json\/wp\/v2\/pages"}],"about":[{"href":"https:\/\/multiplex-cs.de\/en\/wp-json\/wp\/v2\/types\/page"}],"author":[{"embeddable":true,"href":"https:\/\/multiplex-cs.de\/en\/wp-json\/wp\/v2\/users\/5"}],"replies":[{"embeddable":true,"href":"https:\/\/multiplex-cs.de\/en\/wp-json\/wp\/v2\/comments?post=876"}],"version-history":[{"count":0,"href":"https:\/\/multiplex-cs.de\/en\/wp-json\/wp\/v2\/pages\/876\/revisions"}],"wp:attachment":[{"href":"https:\/\/multiplex-cs.de\/en\/wp-json\/wp\/v2\/media?parent=876"}],"curies":[{"name":"wp","href":"https:\/\/api.w.org\/{rel}","templated":true}]}}